{"id":2156,"date":"2024-03-25T14:03:10","date_gmt":"2024-03-25T14:03:10","guid":{"rendered":"https:\/\/ciudalia.dev\/estarmejor\/?page_id=2156"},"modified":"2024-03-25T14:39:25","modified_gmt":"2024-03-25T14:39:25","slug":"politica-de-cookies","status":"publish","type":"page","link":"https:\/\/estarmejor.es\/en\/politica-de-cookies\/","title":{"rendered":"Cookie policy"},"content":{"rendered":"<h2>What are cookies?<\/h2>\n\n<p>\n\tEn ingl\u00e9s, el t\u00e9rmino &quot;cookie&quot; significa galleta, pero en el \u00e1mbito de la navegaci\u00f3n web, una &quot;cookie&quot; es algo completamente distinto. Cuando accede a nuestro Sitio Web, en el navegador de su dispositivo se almacena una peque\u00f1a cantidad de texto que se denomina &quot;cookie&quot;. Este texto contiene informaci\u00f3n variada sobre su navegaci\u00f3n, h\u00e1bitos, preferencias, personalizaciones de contenidos, etc...\n<\/p>\n\n<p>\n\tExisten otras tecnolog\u00edas que funcionan de manera similar y que tambi\u00e9n se usan para recopilar datos sobre tu actividad de navegaci\u00f3n. Llamaremos &quot;cookies&quot; a todas estas tecnolog\u00edas en su conjunto.\n<\/p>\n\n<p>\n\tLos usos concretos que hacemos de estas tecnolog\u00edas se describen en el presente documento.\n<\/p>\n\n<h2>\u00bfPara qu\u00e9 se utilizan las cookies en esta web?<\/h2>\n\n<p>\n\tLas cookies son una parte esencial de c\u00f3mo funciona el Sitio Web. El objetivo principal de nuestras cookies es mejorar su experiencia en la navegaci\u00f3n. Por ejemplo, para recordar sus preferencias (idioma, pa\u00eds, etc.) durante la navegaci\u00f3n y en futuras visitas. La informaci\u00f3n recogida en las cookies nos permite adem\u00e1s mejorar la web, adaptarla a sus intereses como usuario, acelerar las b\u00fasquedas que realice, etc..\n<\/p>\n\n<p>\n\tEn determinados casos, si hemos obtenido su previo consentimiento informado, podremos utilizar cookies para otros usos, como por ejemplo para obtener informaci\u00f3n que nos permita mostrarle publicidad basada en el an\u00e1lisis de sus h\u00e1bitos de navegaci\u00f3n.\n<\/p>\n\n<h2>\u00bfPara qu\u00e9 NO se utilizan las cookies en esta web?<\/h2>\n\n<p>\n\tEn las cookies que utilizamos no se almacena informaci\u00f3n sensible de identificaci\u00f3n personal como su nombre, direcci\u00f3n, tu contrase\u00f1a, etc...\n<\/p>\n\n<h2>\u00bfQui\u00e9n utiliza la informaci\u00f3n almacenada en las cookies?<\/h2>\n\n<p>\n\tLa informaci\u00f3n almacenada en las cookies de nuestro Sitio Web es utilizada exclusivamente por nosotros, a excepci\u00f3n de aquellas identificadas m\u00e1s adelante como &quot;cookie de terceros&quot;, que son utilizadas y gestionadas por entidades externas que nos proporcionan servicios que mejoran la experiencia del usuario. Por ejemplo las estad\u00edsticas que se recogen sobre el n\u00famero de visitas, el contenido que m\u00e1s gusta, etc... \n<\/p>\n\n\n\n<h2>\u00bfC\u00f3mo puede evitar el uso de cookies en este Sitio Web?<\/h2>\n\n<p>\n\tSi prefiere evitar el uso de las cookies, puede RECHAZAR su uso o puede CONFIGURAR las que quiere evitar y las que permite utilizar (en este documento le damos informaci\u00f3n ampliada al respecto de cada tipo de cookie, su finalidad, destinatario, temporalidad, etc... ).\n<\/p>\n\n<p>\n\tSi las ha aceptado, no volveremos a preguntarle a menos que borre las cookies en su dispositivo seg\u00fan se indica en el apartado siguiente. Si quiere revocar el consentimiento tendr\u00e1 que eliminar las cookies y volver a configurarlas.\n<\/p>\n\n\n<h2>\u00bfC\u00f3mo deshabilito y elimino la utilizaci\u00f3n de cookies?<\/h2>\n\n<p>\nEl Titular muestra informaci\u00f3n sobre su Pol\u00edtica de cookies en el banner de cookies accesible en todas las p\u00e1ginas del Sitio Web. El banner de cookies muestra informaci\u00f3n esencial sobre el tratamiento de datos y permite al Usuario realizar las siguientes acciones:\n<\/p>\n<p>\n<ul>\n  <li>ACEPTAR o RECHAZAR la instalaci\u00f3n de cookies, o retirar el consentimiento previamente otorgado.<\/li>\n  <li>Cambiar las preferencias de cookies desde la p\u00e1gina Personalizar Cookies, a la que puede acceder desde el Aviso de Cookies o desde la p\u00e1gina de <a href=\"https:\/\/estarmejor.es\/en\/personalizar-cookies\/\">Customize Cookies<\/a>.<\/li>\n  \n  <li>Obtener informaci\u00f3n adicional en la p\u00e1gina de  <a href=\"https:\/\/estarmejor.es\/en\/politica-de-cookies\/\">Cookie policy<\/a>.<\/li>\n<\/ul>\n<\/p>\n\n<p>\n\tPara restringir, bloquear o borrar las cookies de este Sitio Web (y las usada por terceros) puede hacerlo, en cualquier momento, modificando la configuraci\u00f3n de su navegador. Tenga en cuenta que esta configuraci\u00f3n es diferente en cada navegador.\n<\/p>\n\n<p> \n  En los siguientes enlaces encontrar\u00e1 instrucciones para habilitar o deshabilitar las cookies en los navegadores m\u00e1s comunes.\n<\/p>\n\n<p>\n  <ul>\n    <li><a rel=\"nofollow\" target=\"_blank\" href=\"http:\/\/support.mozilla.org\/es\/kb\/habilitar-y-deshabilitar-cookies-que-los-sitios-we\">Firefox<\/a><\/li>\n    <li><a target=\"_blank\" rel=\"noopener noreferrer nofollow\" href=\"https:\/\/support.google.com\/chrome\/answer\/95647?hl=es\">Google Chrome<\/a><\/li>\n    <li><a target=\"_blank\" rel=\"noopener noreferrer nofollow\" href='https:\/\/support.microsoft.com\/es-es\/help\/17442\/windows-internet-explorer-delete-manage-cookies#ie=\"ie-10'>Internet Explorer<\/a><\/li>\n    <li><a target=\"_blank\" rel=\"noopener noreferrer nofollow\" href='https:\/\/support.microsoft.com\/es-es\/help\/4468242\/microsoft-edge-browsing-data-and-privacy'>Microsoft Edge<\/a><\/li>\n    <li><a rel=\"nofollow\" target=\"_blank\" href=\"http:\/\/support.apple.com\/kb\/HT1677?viewlocale=es_ES\">Safari<\/a><\/li>\n  <\/ul>\n<\/p>\n\n\n<h2>\u00bfQu\u00e9 tipos de cookies se utilizan en esta p\u00e1gina web?<\/h2>\n\n<p>\n\tCada p\u00e1gina web utiliza sus propias cookies. En nuestra web utilizamos las que se indican a continuaci\u00f3n:\n<\/p>\n\n<p>\n\t<b>SEG\u00daN LA ENTIDAD QUE LO GESTIONA<\/b>\n<\/p>\n\n<p>\n\t<b>Cookies propias:<\/b>\n<\/p>\n\n<p>\n\tSon aquellas que se env\u00edan al equipo terminal del Usuario desde un equipo o dominio gestionado por el propio editor y desde el que se presta el servicio solicitado por el Usuario.\n<\/p>\n\n<p>\n\t<b>Cookies de terceros:<\/b>\n<\/p>\n\n<p>\n\tSon aquellas que se env\u00edan al equipo terminal del Usuario desde un equipo o dominio que no es gestionado por el editor, sino por otra entidad que trata los datos obtenidos trav\u00e9s de las cookies.\n<\/p>\n\n<p>\n\tEn el caso de que las cookies sean servidas desde un equipo o dominio gestionado por el propio editor, pero la informaci\u00f3n que se recoja mediante estas sea gestionada por un tercero, no pueden ser consideradas como cookies propias si el tercero las utiliza para sus propias finalidades (por ejemplo, la mejora de los servicios que presta o la prestaci\u00f3n de servicios de car\u00e1cter publicitario a favor de otras entidades).\n<\/p>\n\n<p>\n\t<b>SEG\u00daN SU FINALIDAD<\/b>\n<\/p>\n\n<p>\n\t<b>Cookies t\u00e9cnicas:<\/b>\n<\/p>\n\n<p>\n\tSon aquellas necesarias para la navegaci\u00f3n y el buen funcionamiento de nuestro Sitio Web, como por ejemplo, controlar el tr\u00e1fico y la comunicaci\u00f3n de datos, identificar la sesi\u00f3n, acceder a partes de acceso restringido, realizar la solicitud de inscripci\u00f3n o participaci\u00f3n en un evento, contar visitas a efectos de la facturaci\u00f3n de licencias del software con el que funciona el servicio del Sitio Web, utilizar elementos de seguridad durante la navegaci\u00f3n, almacenar contenidos para la difusi\u00f3n de v\u00eddeos o sonido, habilitar contenidos din\u00e1micos (por ejemplo, animaci\u00f3n de carga de un texto o imagen).\n<\/p>\n\n<p>\n\t<b>Cookies de an\u00e1lisis:<\/b>\n<\/p>\n\n<p>\n\tPermiten cuantificar el n\u00famero de usuarios y as\u00ed realizar la medici\u00f3n y an\u00e1lisis estad\u00edstico de la utilizaci\u00f3n que hacen los usuarios del Sitio Web. \n<\/p>\n\n<p>\n\t<b>Cookies de preferencias o personalizaci\u00f3n:<\/b>\n<\/p>\n\n<p>\n\tSon aquellas que permiten recordar informaci\u00f3n para que el Usuario acceda al servicio con determinadas caracter\u00edsticas que pueden diferenciar su experiencia de la de otros usuarios, como, por ejemplo, el idioma, el n\u00famero de resultados a mostrar cuando el Usuario realiza una b\u00fasqueda, el aspecto o contenido del servicio en funci\u00f3n del tipo de navegador a trav\u00e9s del cual el Usuario accede al servicio o de la regi\u00f3n desde la que accede al servicio, etc.\n<\/p>\n\n\n\n<p>\n\t<b>SEG\u00daN EL PLAZO DE TIEMPO QUE PERMANECEN ACTIVADAS<\/b>\n<\/p>\n\n<p>\n\t<b>Cookies de sesi\u00f3n:<\/b>\n<\/p>\n\n<p>\n\tSon aquellas dise\u00f1adas para recabar y almacenar datos mientras el Usuario accede a una p\u00e1gina web.\n<\/p>\n\n<p>\n\tSe suelen emplear para almacenar informaci\u00f3n que solo interesa conservar para la prestaci\u00f3n del servicio solicitado por el Usuario en una sola ocasi\u00f3n (por ejemplo, una lista de productos adquiridos) y desaparecen al terminar la sesi\u00f3n.\n<\/p>\n\n<p>\n\t<b>Cookies persistentes:<\/b>\n<\/p>\n\n<p>\n\tSon aquellas en las que los datos siguen almacenados en el terminal y pueden ser accedidos y tratados durante un periodo definido por el responsable de la cookie, y que puede ir de unos minutos a varios a\u00f1os. A este respecto debe valorarse espec\u00edficamente si es necesaria la utilizaci\u00f3n de cookies persistentes, puesto que los riesgos para la privacidad podr\u00edan reducirse mediante la utilizaci\u00f3n de cookies de sesi\u00f3n. En todo caso, cuando se instalen cookies persistentes, se recomienda reducir al m\u00ednimo necesario su duraci\u00f3n temporal atendiendo a la finalidad de su uso. A estos efectos, el Dictamen 4\/2012 del GT29 indic\u00f3 que para que una cookie pueda estar exenta del deber de consentimiento informado, su caducidad debe estar relacionada con su finalidad. Debido a ello, es mucho m\u00e1s probable que se consideren como exceptuadas las cookies de sesi\u00f3n que las persistentes.\n<\/p>\n\n\n<p>\n\t<b>Detalle de cookies utilizadas en esta web:<\/b>\n<\/p>\n\n\n<h2 class=\"wp-block-heading\">Cookie policy<\/h2>\n\n\n\n<p>On this website we use cookies from third-party and own to ensure that you have a better navigation experience, you are able to share content on social networks, and so that we may obtain user statistics.<br><br>You can prevent the download of cookies through the settings in your browser, and preventing the cookies being stored on your device.<br><br>As the owner of this website, we tell you that we do not use any personal information from cookies, as we only general statistics of visits that do not pose any personal information.<br><br>It is very important that you read this cookie policy and understand that, if you go on surfing, we will consider that you accept its use.<br><br>According to the terms included in article 22.2 of Law 34\/2002 on Services of the Information Society and Electronic Commerce, if you continue navigating, you will be providing your consent to the use of the aforementioned mechanisms.<\/p>\n\n\n\n<h3 class=\"wp-block-heading\">Responsible Entity<\/h3>\n\n\n\n<p>The entity responsible for the collection, processing and use of your personal data, in the sense established by the Law on Protection of Personal Data is the page Estarmejor, property Arrigal 11 SL \u2013 .<\/p>\n\n\n\n<h3 class=\"wp-block-heading\">What are cookies?<\/h3>\n\n\n\n<p>Cookies are a set of data that a server placed in the user&#039;s browser to collect information standard Internet log information and visitor behavior in a web site. That is to say, they are small text files that are stored on the hard disk of the computer and they serve to identify the user when you connect again to the website. Your goal is to record the user&#039;s visit and to save some information. Its use is common and frequent in the web because it allows the pages to function more efficiently and achieve greater customization and analysis on the behavior of the user.<\/p>\n\n\n\n<h3 class=\"wp-block-heading\">What types of cookies are there?<\/h3>\n\n\n\n<p>Cookies used on our website are session and third-party, and allow us to store and access information related to the language, the type of browser used, and other general characteristics predefined by the user, as well as, to track and analyze the activity carried out, in order to introduce improvements and provide our services in a more efficient and personalized.<br><\/p>\n\n\n\n<p>Cookies, depending on their permanence, can be divided into session cookies or permanent. They expire when the user closes the browser. Which expire depending on when you meet the objective for which they serve (for example, so that the user remains identified in the services of Arrigal 11 SL) or when you manually remove them.<\/p>\n\n\n\n<figure class=\"wp-block-table\"><table><tbody><tr><td>Name<\/td><td>Type<\/td><td>Expiry<\/td><td>Purpose<\/td><td>Class<\/td><\/tr><tr><td>__utma<\/td><td>Third Party (Google Analytics)<\/td><td>2 years<\/td><td>Used to distinguish users and sessions.<\/td><td>Non-Exempt<\/td><\/tr><tr><td>__utmb<\/td><td>Third Party (Google Analytics)<\/td><td>30 minutes<\/td><td>It is used to determine new sessions or visits<\/td><td>Non-Exempt<\/td><\/tr><tr><td>__utmc<\/td><td>Third Party (Google Analytics)<\/td><td>At the end of the session<\/td><td>Is configured for use with Urchin<\/td><td>Non-Exempt<\/td><\/tr><tr><td>__utmz<\/td><td>Third Party (Google Analytics)<\/td><td>6 months<\/td><td>Stores the source or the campaign that explains how the user has reached the website<\/td><td>Non-Exempt<\/td><\/tr><\/tbody><\/table><\/figure>\n\n\n\n<p>In addition, in terms of its purpose, cookies can be classified in the following way:<\/p>\n\n\n\n<h3 class=\"wp-block-heading\">Performance Cookies<\/h3>\n\n\n\n<p>This type of Cookie remembers your preferences for tools found in the services, so that you do not have to reconfigure the service each time you visit. By way of example, this typology includes: volume Settings of video players or sound. The speed of transmission of video that will be compatible with your browser. The objects stored in the \u201cshopping cart\u201d in the services of e-commerce such as shops.<\/p>\n\n\n\n<h3 class=\"wp-block-heading\">Cookies of geo-localization<\/h3>\n\n\n\n<p>These cookies are used to find out in which country is it located when requesting a service. This cookie is completely anonymous, and is only used to help guide the content to your location.<\/p>\n\n\n\n<h3 class=\"wp-block-heading\">Log Cookies<\/h3>\n\n\n\n<p>The log cookies are generated once the user has registered or subsequently opened its session, and are used to identify you in the services with the following objectives:<\/p>\n\n\n\n<p>Keep the user identified so that, if you close a service, the browser or the computer and at another time or another day to re-enter in to the service, will remain identified, thus facilitating their navigation without having to login again. This functionality can be suppressed if the user presses the functionality [close session], so that this cookie is deleted and the next time you have in the service the user will have to log in to be identified.<\/p>\n\n\n\n<p>Check whether the user is authorized to access certain services, for example, to participate in a contest.<\/p>\n\n\n\n<p>Additionally, some services may use connectors with social networks such as Facebook or Twitter. When the user registers in a service with credentials of a social network, you authorize the social network to keep a persistent Cookie that remembers your identity and guarantees access to the services until it expires. The user can delete this Cookie and revoke access to the services through social networks by updating their preferences in the social network specific.<\/p>\n\n\n\n<h3 class=\"wp-block-heading\">Cookies analytics<\/h3>\n\n\n\n<p>Every time a user visits a service, a tool from an external provider generates a cookie analytic on the user&#039;s computer. This cookie that is only generated during the visit, will serve in future visits to the services Arrigal 11 SL to identify anonymously the visitor. The main objectives that are pursued are:<\/p>\n\n\n\n<p>Allow anonymous identification of the users sailors through the cookie (identifies browsers and devices, not people) and therefore the accounting approximate the number of visitors and their trend over time.<br>Identify anonymously the most visited content and therefore more attractive for the users to Know if the user who is accessing is new or repeat visit.<\/p>\n\n\n\n<p>Important: Unless the user decides to register in a service Arrigal 11 SL, the cookie, it will never be associated to any personal data that can identify you. These cookies will only be used for statistical purposes that help optimize the experience of users on the site.<\/p>\n\n\n\n<h3 class=\"wp-block-heading\">Advertising Cookies<\/h3>\n\n\n\n<p>This type of cookies allow you to expand the information of the advertisements shown to each anonymous user in the services of Arrigal 11 SL. Among others, it is stored the duration or frequency of visualization of positions in advertising, the interaction with them or the browsing patterns and\/or behaviors of the user, since they help to shape a profile of advertising buzz. In this way, they allow to offer advertising related to the interests of the user.<\/p>\n\n\n\n<h3 class=\"wp-block-heading\">Cookies third party advertising<\/h3>\n\n\n\n<p>In addition to advertising managed by the websites of Arrigal 11 SL in their services, the websites of Arrigal 11 SL offers its advertisers the option of serving advertisements through third parties (\u201cAd-Servers\u201d). In this way, these third parties can store cookies sent from the services of Arrigal 11 SL from the browsers of the users, as well as access to the data that they are saved.<\/p>\n\n\n\n<p>The companies that generate these cookies have their own privacy policies. Currently, the webs of Arrigal 11 SL platform is used by Doubleclick (Google) to manage these services. For more information, go to<\/p>\n\n\n\n<p><a href=\"https:\/\/www.google.es\/policies\/privacy\/ads\/#toc-doubleclick\">http:\/\/www.google.es\/policies\/privacy\/ads\/#toc-doubleclick<\/a>&nbsp;and&nbsp;<a href=\"https:\/\/www.google.es\/policies\/privacy\/ads\/\">http:\/\/www.google.es\/policies\/privacy\/ads\/<\/a>.<\/p>\n\n\n\n<h3 class=\"wp-block-heading\">How can I disable cookies in my browser?<\/h3>\n\n\n\n<p>You can configure different browsers to notify the user of the reception of cookies and, if desired, prevent their installation on the computer. Also, the user can review in your browser what cookies are installed, and what is the term of expiration of the same, and can eliminate them.<\/p>\n\n\n\n<p>For further information consult the instructions and manuals of your browser:<\/p>\n\n\n\n<p>For more information on the management of cookies in Google Chrome:&nbsp;<a href=\"https:\/\/support.google.com\/chrome\/answer\/95647?hl=es\">https:\/\/support.google.com\/chrome\/answer\/95647?hl=es<\/a><\/p>\n\n\n\n<p>For more information about managing cookies in Internet Explorer:&nbsp;<a href=\"http:\/\/windows.microsoft.com\/es-es\/windows-vista\/cookies-frequently-asked-question\"><\/a><a href=\"http:\/\/windows.microsoft.com\/es-es\/windows-vista\/cookies-frequently-asked-questions\">http:\/\/windows.microsoft.com\/es-es\/windows-vista\/cookies-frequently-asked-questions<\/a><\/p>\n\n\n\n<p><a href=\"http:\/\/windows.microsoft.com\/es-es\/windows-vista\/cookies-frequently-asked-question\"><\/a>For more information on the management of cookies in Mozilla Firefox:&nbsp;<a href=\"http:\/\/support.mozilla.org\/es\/kb\/habilitar-y-deshabilitar-cookies-que-los-sitios-we%20\">http:\/\/support.mozilla.org\/es\/kb\/habilitar-y-deshabilitar-cookies-que-los-sitios-we<\/a><\/p>\n\n\n\n<p>For more information about managing cookies in Safari:&nbsp;<a href=\"http:\/\/www.apple.com\/es\/privacy\/use-of-cookies\/%20\">http:\/\/www.apple.com\/es\/privacy\/use-of-cookies\/<\/a><\/p>\n\n\n\n<p>For more information about managing cookies in Opera:&nbsp;<a href=\"http:\/\/help.opera.com\/Windows\/11.50\/es-ES\/cookies.html\">http:\/\/help.opera.com\/Windows\/11.50\/es-ES\/cookies.html<\/a><\/p>\n\n\n\n<p>If you want to stop to be tracked by Google Analytics visit:&nbsp;<a href=\"https:\/\/tools.google.com\/dlpage\/gaoptout\">http:\/\/tools.google.com\/dlpage\/gaoptout<\/a><\/p>\n\n\n\n<h3 class=\"wp-block-heading\">To find out more about cookies<\/h3>\n\n\n\n<p>You can get more information about online advertising based on your behavior and online privacy at the following link:&nbsp;<a href=\"http:\/\/www.youronlinechoices.com\/es\/\">http:\/\/www.youronlinechoices.com\/es\/<\/a><\/p>\n\n\n\n<p>Data protection of Google Analytics:&nbsp;<a href=\"https:\/\/www.google.com\/analytics\/learn\/privacy.html\">http:\/\/www.google.com\/analytics\/learn\/privacy.html<\/a><\/p>\n\n\n\n<p>How to use Google Analytics cookies:&nbsp;<a href=\"https:\/\/developers.google.com\/analytics\/devguides\/collection\/analyticsjs\/cookie-usage?hl=es#analyticsjs\">https:\/\/developers.google.com\/analytics\/devguides\/collection\/analyticsjs\/cookie-usage?hl=es#analyticsjs<\/a><\/p>\n\n\n\n<h3 class=\"wp-block-heading\">Updates and changes of the privacy policy\/cookies<\/h3>\n\n\n\n<p>The websites of Arrigal 11 SL may modify this Cookies Policy according to legislative requirements, regulations, or with the purpose of adapting said policy to the instructions issued by the Spanish Agency for Data Protection, therefore users are advised to visit it periodically.<\/p>\n\n\n\n<p>When significant changes occur in this Cookies Policy, these will be communicated to users either through the web or through email to registered users.<\/p>","protected":false},"excerpt":{"rendered":"<p>\u00bfQu\u00e9 son las cookies? En ingl\u00e9s, el t\u00e9rmino &quot;cookie&quot; significa galleta, pero en el \u00e1mbito de la navegaci\u00f3n web, una [&hellip;]<\/p>","protected":false},"author":1,"featured_media":0,"parent":0,"menu_order":0,"comment_status":"closed","ping_status":"closed","template":"","meta":{"site-sidebar-layout":"default","site-content-layout":"","ast-site-content-layout":"default","site-content-style":"default","site-sidebar-style":"default","ast-global-header-display":"","ast-banner-title-visibility":"","ast-main-header-display":"","ast-hfb-above-header-display":"","ast-hfb-below-header-display":"","ast-hfb-mobile-header-display":"","site-post-title":"","ast-breadcrumbs-content":"","ast-featured-img":"","footer-sml-layout":"","theme-transparent-header-meta":"","adv-header-id-meta":"","stick-header-meta":"","header-above-stick-meta":"","header-main-stick-meta":"","header-below-stick-meta":"","astra-migrate-meta-layouts":"default","ast-page-background-enabled":"default","ast-page-background-meta":{"desktop":{"background-color":"var(--ast-global-color-4)","background-image":"","background-repeat":"repeat","background-position":"center center","background-size":"auto","background-attachment":"scroll","background-type":"","background-media":"","overlay-type":"","overlay-color":"","overlay-opacity":"","overlay-gradient":""},"tablet":{"background-color":"","background-image":"","background-repeat":"repeat","background-position":"center center","background-size":"auto","background-attachment":"scroll","background-type":"","background-media":"","overlay-type":"","overlay-color":"","overlay-opacity":"","overlay-gradient":""},"mobile":{"background-color":"","background-image":"","background-repeat":"repeat","background-position":"center center","background-size":"auto","background-attachment":"scroll","background-type":"","background-media":"","overlay-type":"","overlay-color":"","overlay-opacity":"","overlay-gradient":""}},"ast-content-background-meta":{"desktop":{"background-color":"var(--ast-global-color-5)","background-image":"","background-repeat":"repeat","background-position":"center center","background-size":"auto","background-attachment":"scroll","background-type":"","background-media":"","overlay-type":"","overlay-color":"","overlay-opacity":"","overlay-gradient":""},"tablet":{"background-color":"var(--ast-global-color-5)","background-image":"","background-repeat":"repeat","background-position":"center center","background-size":"auto","background-attachment":"scroll","background-type":"","background-media":"","overlay-type":"","overlay-color":"","overlay-opacity":"","overlay-gradient":""},"mobile":{"background-color":"var(--ast-global-color-5)","background-image":"","background-repeat":"repeat","background-position":"center center","background-size":"auto","background-attachment":"scroll","background-type":"","background-media":"","overlay-type":"","overlay-color":"","overlay-opacity":"","overlay-gradient":""}},"_joinchat":[],"footnotes":""},"class_list":["post-2156","page","type-page","status-publish","hentry"],"_links":{"self":[{"href":"https:\/\/estarmejor.es\/en\/wp-json\/wp\/v2\/pages\/2156","targetHints":{"allow":["GET"]}}],"collection":[{"href":"https:\/\/estarmejor.es\/en\/wp-json\/wp\/v2\/pages"}],"about":[{"href":"https:\/\/estarmejor.es\/en\/wp-json\/wp\/v2\/types\/page"}],"author":[{"embeddable":true,"href":"https:\/\/estarmejor.es\/en\/wp-json\/wp\/v2\/users\/1"}],"replies":[{"embeddable":true,"href":"https:\/\/estarmejor.es\/en\/wp-json\/wp\/v2\/comments?post=2156"}],"version-history":[{"count":2,"href":"https:\/\/estarmejor.es\/en\/wp-json\/wp\/v2\/pages\/2156\/revisions"}],"predecessor-version":[{"id":2166,"href":"https:\/\/estarmejor.es\/en\/wp-json\/wp\/v2\/pages\/2156\/revisions\/2166"}],"wp:attachment":[{"href":"https:\/\/estarmejor.es\/en\/wp-json\/wp\/v2\/media?parent=2156"}],"curies":[{"name":"wp","href":"https:\/\/api.w.org\/{rel}","templated":true}]}}