{"id":2162,"date":"2024-03-25T14:21:44","date_gmt":"2024-03-25T14:21:44","guid":{"rendered":"https:\/\/ciudalia.dev\/estarmejor\/aviso-legal\/"},"modified":"2025-05-03T00:35:51","modified_gmt":"2025-05-03T00:35:51","slug":"aviso-legal","status":"publish","type":"page","link":"https:\/\/estarmejor.es\/en\/aviso-legal\/","title":{"rendered":"Aviso Legal"},"content":{"rendered":"<div data-elementor-type=\"wp-page\" data-elementor-id=\"2162\" class=\"elementor elementor-2162\" data-elementor-post-type=\"page\">\n\t\t\t\t<div class=\"elementor-element elementor-element-5c4e27a1 e-flex e-con-boxed e-con e-parent\" data-id=\"5c4e27a1\" data-element_type=\"container\">\n\t\t\t\t\t<div class=\"e-con-inner\">\n\t\t\t\t<div class=\"elementor-element elementor-element-3565f1e8 elementor-widget elementor-widget-text-editor\" data-id=\"3565f1e8\" data-element_type=\"widget\" data-widget_type=\"text-editor.default\">\n\t\t\t\t<div class=\"elementor-widget-container\">\n\t\t\t\t\t\t\t\t\t<p><\/p><p>Arrigal 11 SL<\/p><hr \/><p><\/p><p><\/p>\t\t\t\t\t\t\t\t<\/div>\n\t\t\t\t<\/div>\n\t\t<div class=\"elementor-element elementor-element-a911671 e-flex e-con-boxed e-con e-child\" data-id=\"a911671\" data-element_type=\"container\">\n\t\t\t\t\t<div class=\"e-con-inner\">\n\t\t<div class=\"elementor-element elementor-element-ae78387 e-flex e-con-boxed e-con e-child\" data-id=\"ae78387\" data-element_type=\"container\" data-settings=\"{&quot;background_background&quot;:&quot;classic&quot;}\">\n\t\t\t\t\t<div class=\"e-con-inner\">\n\t\t\t\t<div class=\"elementor-element elementor-element-6346770 elementor-widget elementor-widget-heading\" data-id=\"6346770\" data-element_type=\"widget\" data-widget_type=\"heading.default\">\n\t\t\t\t<div class=\"elementor-widget-container\">\n\t\t\t\t\t<h2 class=\"elementor-heading-title elementor-size-default\">WEB: legal Notice<\/h2>\t\t\t\t<\/div>\n\t\t\t\t<\/div>\n\t\t\t\t\t<\/div>\n\t\t\t\t<\/div>\n\t\t<div class=\"elementor-element elementor-element-37e0255 e-flex e-con-boxed e-con e-child\" data-id=\"37e0255\" data-element_type=\"container\">\n\t\t\t\t\t<div class=\"e-con-inner\">\n\t\t\t\t<div class=\"elementor-element elementor-element-834254f elementor-widget elementor-widget-heading\" data-id=\"834254f\" data-element_type=\"widget\" data-widget_type=\"heading.default\">\n\t\t\t\t<div class=\"elementor-widget-container\">\n\t\t\t\t\t<h2 class=\"elementor-heading-title elementor-size-default\">LAW OF SERVICES OF THE INFORMATION SOCIETY (LSSI)<\/h2>\t\t\t\t<\/div>\n\t\t\t\t<\/div>\n\t\t\t\t<div class=\"elementor-element elementor-element-eeca1c5 elementor-widget__width-inherit elementor-widget elementor-widget-text-editor\" data-id=\"eeca1c5\" data-element_type=\"widget\" data-widget_type=\"text-editor.default\">\n\t\t\t\t<div class=\"elementor-widget-container\">\n\t\t\t\t\t\t\t\t\t<p>Arrigal 11 SL, responsible for the website, hereinafter RESPONSIBLE, makes available to users this document with which it intends to comply with the obligations established in Act 34\/2002, of 11 July, on Services of the Information Society and Electronic Commerce (LSSICE), BOE no. 166, as well as informing all users of the website as to what are the conditions of use.<\/p>\n<p>Any person accessing this website assumes the role of user, committing to the observance and strict compliance with the provisions set forth herein, as well as any other legal provision that may be applicable.<\/p>\n<p>Arrigal 11 SL reserves the right to modify any type of information that may appear on the web site, without any obligation to give advance notice or make users aware of said<br \/>obligations, being understood as sufficient with the publication on the website of Arrigal 11 S. L..<\/p>\n<p><strong>1. IDENTIFICATION DATA<\/strong><br \/>Domain name: estarmejor.is<br \/>Business name: Arrigal 11 SL<br \/>Company name: Arrigal 11 SL<br \/>NIF: B13871504<br \/>Domicilio social: Avenida de Navacerrada, 4 28224 Pozuelo de Alarc\u00f3n Madrid Espa\u00f1a.<br \/>Phone: 655814955<br \/>E-mail: info@estarmejor.es<\/p>\n<p><strong>2. RIGHTS OF INDUSTRIAL AND INTELLECTUAL PROPERTY<\/strong><br \/>The web site, including, but not limited to its programming, editing, compilation and other elements necessary for its operation, designs, logos, text and\/or graphics, are the property of the RESPONSIBLE or, if applicable, have a license or express authorization by the authors. All contents of the website are duly protected by the rules of intellectual and industrial property, as well as registered in the corresponding public records.<br \/>Regardless of the purpose for which they were intended, the total or partial reproduction, use, exploitation, distribution and commercialisation, requires in any case prior written authorization by the RESPONSIBLE. Any use not previously authorized is considered a serious breach of the rights of intellectual or industrial property of the author.<br \/>The designs, logotypes, text and\/or graphics outside the RESPONSIBLE and that may appear on the website, belong to their respective owners, being themselves responsible for any possible controversy that may arise regarding the same. The RESPONSIBLE expressly authorizes third parties to redirect directly to the specific contents of the website, and in any case redirect to the main website qr.cuidalia.com.<br \/>The RESPONSIBLE recognizes in favor of his holders the corresponding rights of intellectual and industrial property, not implying their mere mention or appearance on the website the existence of rights or any responsibility on them, as either endorsement, sponsorship or recommendation by the same.<br \/>To make any kind of observation regarding possible breaches of the rights of intellectual or industrial property, as well as any of the contents of the website, you can do so via the e-mail infoestarmejor.is<\/p>\n<p><strong>3. DISCLAIMER<\/strong><br \/>The RESPONSIBLE is exempt from any type of responsibility derived from the information published on its website provided that you do not have actual knowledge that such information has been manipulated or introduced by a third party or, if it has, has acted with due diligence to remove the data or make it impossible to access them.<br \/><strong>Use of Cookies<\/strong><br \/>This web site may use technical cookies (small information files that the server sends to the computer of the person accessing the page) to carry out certain functions that are considered essential for the correct functioning and visualization of the site. The cookies used have, in any case, a temporary nature, with the sole purpose of making more efficient the navigation, and disappear at the end of the user session. In any case, these cookies provide by themselves personal data and are not used for the collection of the same.<br \/>Through the use of cookies it is also possible that the server where the web recognizes the browser used by the user in order to make navigation easier, allowing, for example, the access of users who have previously registered to the areas, services, promotions or contests reserved exclusively to them without having to register on each visit.<br \/>Can also be used to measure audience, traffic parameters, control the progress and number of entries, etc, being in these cases, cookies dispensable technically, but beneficial for the user. This website will not install dispensable cookies without the prior consent of the user.<br \/>This website uses cookies own and third parties for analytical purposes and to show you personalised advertising according to a profile drawn up from your browsing habits (for example, pages visited). Any user who visits the website is informed of the use of these cookies through a banner floating. In the case of accepting their use, the banner will disappear, although at all times<br \/>you may revoke the consent and obtain more information by consulting our cookies Policy.<br \/>The user has the possibility to configure his browser to be alerted of the reception of cookies and prevent their installation on their computer. Please, refer to the instructions of your browser<br \/>expand this information.<br \/><strong>Links policy<\/strong><br \/>From the website, you may be redirected to contents of third websites. Given that the RESPONSIBLE can not always control the contents introduced by third parties in their respective websites, does not assume any type of responsibility with regard to such content. In any case, you will proceed to the immediate withdrawal of any content that could contravene national or international legislation, morality or public order, proceeding to the immediate withdrawal of the redirection to said website, informing the competent authorities the content in question.<br \/>The RESPONSIBLE is not responsible for the content and information stored in, including but not limited to, in forums, chats, blogs generators, comments, social networks or any other means that allows third parties to publish content independently on the website of the RESPONSIBLE. However, and in compliance with the provisions of articles 11 and 16 of the LSSICE, it is made available to all users, authorities and security forces, actively collaborating in the withdrawal or, where appropriate, blocking of all those contents that may affect or contravene national or international legislation, rights of third parties or morality and public order. In the event that the user considers that exists on the website any content that could be susceptible to this classification, please notify immediately the website administrator.<br \/>This website has been reviewed and tested to work properly. In principle, proper operation can be guaranteed 365 days a year, 24 hours a day. However, the RESPONSIBLE does not rule out the possibility that there are certain programming errors, or that force majeure, natural disasters, strikes or similar circumstances that make it impossible to access the web page.<br \/><strong>IP address<\/strong><br \/>The website servers can detect automatically the IP address and domain name used by the user. An IP address is a number automatically assigned to a computer when it connects to the Internet. All this information is recorded in an activity file duly registered server that allows the subsequent processing of the data in order to obtain solely statistical measurements that reveal the number of page impressions, the number of visits made to web servers, the order of those visits, access point, etc<br \/><strong>4. APPLICABLE LAW AND JURISDICTION<\/strong><br \/>For the resolution of all disputes or questions related to this website or the activities developed in him, will apply Spanish law, to which the parties expressly submit, being competent for the resolution of all conflicts derivatives or related to your use of the Courts and tribunals of the USER&#039;s domicile or the place of performance of the obligation.<\/p>\t\t\t\t\t\t\t\t<\/div>\n\t\t\t\t<\/div>\n\t\t\t\t\t<\/div>\n\t\t\t\t<\/div>\n\t\t\t\t\t<\/div>\n\t\t\t\t<\/div>\n\t\t\t\t\t<\/div>\n\t\t\t\t<\/div>\n\t\t<div class=\"elementor-element elementor-element-a408a06 e-flex e-con-boxed e-con e-parent\" data-id=\"a408a06\" data-element_type=\"container\">\n\t\t\t\t\t<div class=\"e-con-inner\">\n\t\t\t\t<div class=\"elementor-element elementor-element-6281652 elementor-widget elementor-widget-shortcode\" data-id=\"6281652\" data-element_type=\"widget\" data-widget_type=\"shortcode.default\">\n\t\t\t\t<div class=\"elementor-widget-container\">\n\t\t\t\t\t\t\t<div class=\"elementor-shortcode\">\n<h2>Identificaci\u00f3n y Titularidad<\/h2>\n\n<p>\n\t\tEn cumplimiento del art\u00edculo 10 de la Ley 34\/2002, de 11 de julio, de Servicios de la Sociedad de la Informaci\u00f3n y Comercio Electr\u00f3nico, el Titular expone sus datos identificativos:\n<\/p>\n\n<p>\n\t<ul>\t\t\n\t\t<li>\n\t\t\t<b>Titular:<\/b>&nbsp;\t\t\n\t\t\tArrigal 11 SL.\n\t\t\t\n\t\t<\/li>\n\t\t\n\t\t<li>\n\t\t\t<b>NIF:<\/b>&nbsp;B13871504\n\t\t\t\n\t\t\t<br\/>\n\t\t\tRegistered in the mercantile registry of Madrid, volume , book , section , sheet , sheet , registration .\n\t\t\t\n\t\t<\/li>\n\n\n\t\t<li>\n\t\t\t<b>Domicilio:<\/b>&nbsp;\n\t\t\t  - Spain.\n\t\t<\/li>\n\t\t\n\t\t<li>\n\t\t\t<b>Correo electr\u00f3nico:<\/b>&nbsp;\n\t\t\tInfo@estarmejor.es\n\t\t<\/li>\n\t\t\n\t\t<li>\n\t\t\t<b>Tel\u00e9fono de contacto:<\/b>&nbsp;\n\t\t\t+34 655 81 49 55\n\t\t<\/li>\n\n\t\t<li>\n\t\t\t<b>Sitio Web:<\/b>&nbsp;\n\t\t\t<a href=\"https:\/\/estarmejor.es\/en\/\">https:\/\/estarmejor.es<\/a>\n\t\t<\/li>\n\t<\/ul>\n<\/p>\n\n\n\n<h2>Condiciones de Uso<\/h2>\n<p>\n\tLa utilizaci\u00f3n del Sitio Web le otorga la condici\u00f3n de Usuario, e implica la aceptaci\u00f3n completa de todas las cl\u00e1usulas y condiciones de uso incluidas en las p\u00e1ginas:\n\t<ul>\t\t\n\t\t<li><a href=\"\">Aviso Legal<\/a><\/li>\n\t\t\n\t\t<li><a href=\"https:\/\/estarmejor.es\/en\/politica-de-cookies\/\">Cookie policy<\/a><\/li>\n\t<\/ul>\t\n<\/p>\n\n<p>\n\tSi no estuviera conforme con todas y cada una de estas cl\u00e1usulas y condiciones abst\u00e9ngase de utilizar el Sitio Web.\n<\/p>\n\n<p>\t\n\tEl acceso al Sitio Web no supone, en modo alguno, el inicio de una relaci\u00f3n comercial con el Titular.\n<\/p>\n\n<p>\t\n\tA trav\u00e9s del Sitio Web, el Titular le facilita el acceso y la utilizaci\u00f3n de diversos contenidos que el Titular y\/o sus colaboradores han publicado por medio de Internet.\n<\/p>\n\n<p>\n\tA tal efecto, est\u00e1 obligado y comprometido a NO utilizar cualquiera de los contenidos del Sitio Web con fines o efectos il\u00edcitos, prohibidos en este Aviso Legal o por la legislaci\u00f3n vigente, lesivos de los derechos e intereses de terceros, o que de cualquier forma puedan da\u00f1ar, inutilizar, sobrecargar, deteriorar o impedir la normal utilizaci\u00f3n de los contenidos, los equipos inform\u00e1ticos o los documentos, archivos y toda clase de contenidos almacenados en cualquier equipo inform\u00e1tico propios o contratados por el Titular, de otros usuarios o de cualquier usuario de Internet.\n<\/p>\n\n\n\n\n\n\n<h2>Medidas de seguridad<\/h2>\n<p>\n\tLos datos personales que facilite al Titular pueden ser almacenados en bases de datos automatizadas o no, cuya titularidad corresponde en exclusiva al Titular, que asume todas las medidas de \u00edndole t\u00e9cnica, organizativa y de seguridad que garantizan la confidencialidad, integridad y calidad de la informaci\u00f3n contenida en las mismas de acuerdo con lo establecido en la normativa vigente en protecci\u00f3n de datos.\n<\/p>\n<p>\n\tNo obstante, debe ser consciente de que las medidas de seguridad de los sistemas inform\u00e1ticos en Internet no son enteramente fiables y que, por tanto el Titular no puede garantizar la inexistencia de virus u otros elementos que puedan producir alteraciones en los sistemas inform\u00e1ticos (software y hardware) del Usuario o en sus documentos electr\u00f3nicos y ficheros contenidos en los mismos aunque el Titular pone todos los medios necesarios y toma las medidas de seguridad oportunas para evitar la presencia de estos elementos da\u00f1inos.\n<\/p>\n\n\n\n<h2>Contenidos<\/h2>\n<p>\n\tEl Titular ha obtenido la informaci\u00f3n, el contenido multimedia y los materiales incluidos en el Sitio Web de fuentes que considera fiables, pero, si bien ha tomado todas las medidas razonables para asegurar que la informaci\u00f3n contenida es correcta, el Titular no garantiza que sea exacta, completa o actualizada. El Titular declina expresamente cualquier responsabilidad por error u omisi\u00f3n en la informaci\u00f3n contenida en las p\u00e1ginas del Sitio Web.\n<\/p>\n\n<p>\n\tQueda prohibido transmitir o enviar a trav\u00e9s del Sitio Web cualquier contenido ilegal o il\u00edcito, virus inform\u00e1ticos, o mensajes que, en general, afecten o violen derechos del Titular o de terceros.\n<\/p>\n\n<p>\n\tLos contenidos del Sitio Web tienen \u00fanicamente una finalidad informativa y bajo ninguna circunstancia deben usarse ni considerarse como oferta de venta, solicitud de una oferta de compra ni recomendaci\u00f3n para realizar cualquier otra operaci\u00f3n, salvo que as\u00ed se indique expresamente.\n<\/p>\n\n<p>\n\tEl Titular se reserva el derecho a modificar, suspender, cancelar o restringir el contenido del Sitio Web, los v\u00ednculos o la informaci\u00f3n obtenida a trav\u00e9s del Sitio Web, sin necesidad de previo aviso.\n<\/p>\n\n<p>\n\tEl Titular\u00a0no es responsable de los da\u00f1os y perjuicios que pudieran derivarse de la utilizaci\u00f3n de la informaci\u00f3n del Sitio Web.\n<\/p>\n\n\n<h2>Cookie policy<\/h2>\n<p>\n\tPuede consultar toda la informaci\u00f3n relativa a la pol\u00edtica de recogida y tratamiento de las cookies en la p\u00e1gina de  <a href=\"https:\/\/estarmejor.es\/en\/politica-de-cookies\/\">Cookie policy<\/a>.\n<\/p>\n\n\n<h2>Enlaces a otros sitios Web<\/h2>\n<p>\n\tEl Titular puede proporcionarle acceso a sitios Web de terceros mediante enlaces con la finalidad exclusiva de informar sobre la existencia de otras fuentes de informaci\u00f3n en Internet en las que podr\u00e1 ampliar los datos ofrecidos en el Sitio Web.\n<\/p>\n\n<p>\t\n\tEstos enlaces a otros sitios Web no suponen en ning\u00fan caso una sugerencia o recomendaci\u00f3n para que usted visite las p\u00e1ginas web de destino, que est\u00e1n fuera del control del Titular, por lo que el Titular no es responsable del contenido de los sitios web vinculados ni del resultado que obtenga al seguir los enlaces.\n\tAsimismo, el Titular no responde de los links o enlaces ubicados en los sitios web vinculados a los que le proporciona acceso.\n<\/p>\n\n<p>\n\tEl establecimiento del enlace no implica en ning\u00fan caso la existencia de relaciones entre el Titular y el propietario del sitio en el que se establezca el enlace, ni la aceptaci\u00f3n o aprobaci\u00f3n por parte del Titular de sus contenidos o servicios.\n<\/p>\n\n<p>\t\n\tSi accede a un sitio web externo desde un enlace que encuentre en el Sitio Web usted deber\u00e1 leer la propia pol\u00edtica de privacidad del otro sitio web que puede ser diferente de la de este sitio Web.\n<\/p>\n\n\n\n<h2>Propiedad intelectual e industrial<\/h2>\n<p>\n\tTodos los derechos est\u00e1n reservados.\n<\/p>\n<p>\n\tTodo acceso a este Sitio Web est\u00e1 sujeto a las siguientes condiciones: la reproducci\u00f3n, almacenaje permanente y la difusi\u00f3n de los contenidos o cualquier otro uso que tenga finalidad p\u00fablica o comercial queda expresamente prohibida sin el consentimiento previo expreso y por escrito del Titular.\n<\/p>\n\n\n<h2>Limitaci\u00f3n de responsabilidad<\/h2>\n<p>\n\tLa informaci\u00f3n y servicios incluidos o disponibles a trav\u00e9s del Sitio Web pueden incluir incorrecciones o errores tipogr\u00e1ficos. De forma peri\u00f3dica el Titular incorpora mejoras y\/o cambios a la informaci\u00f3n contenida y\/o los Servicios que puede introducir en cualquier momento.\n<\/p>\n<p>\n\tEl Titular no declara ni garantiza que los servicios o contenidos sean interrumpidos o que est\u00e9n libres de errores, que los defectos sean corregidos, o que el servicio o el servidor que lo pone a disposici\u00f3n est\u00e9n libres de virus u otros componentes nocivos sin perjuicio de que el Titular realiza todos los esfuerzos en evitar este tipo de incidentes.\n<\/p>\n<p>\n\tEl Titular declina cualquier responsabilidad en caso de que existan interrupciones o un mal funcionamiento de los Servicios o contenidos ofrecidos en Internet, cualquiera que sea su causa. Asimismo, el Titular no se hace responsable por ca\u00eddas de la red, p\u00e9rdidas de negocio a consecuencia de dichas ca\u00eddas, suspensiones temporales de fluido el\u00e9ctrico o cualquier otro tipo de da\u00f1o indirecto que te pueda ser causado por causas ajenas a el Titular.\n<\/p>\n<p>\n\tAntes de tomar decisiones y\/o acciones con base a la informaci\u00f3n incluida en el Sitio Web, el Titular le recomienda comprobar y contrastar la informaci\u00f3n recibida con otras fuentes.\n<\/p>\n\n\n\n<h2>Jurisdicci\u00f3n<\/h2>\n<p>\t\n\tEste Aviso Legal se rige \u00edntegramente por la legislaci\u00f3n espa\u00f1ola.\n<\/p>\n\n\n<h2>Contact<\/h2>\n<p>\t\n\tEn caso de que usted tenga cualquier duda acerca de este Aviso Legal o quiera realizar cualquier comentario sobre el Sitio Web, puede enviar un mensaje de correo electr\u00f3nico a la direcci\u00f3n: Info@estarmejor.es\n<\/p>\n<\/div>\n\t\t\t\t\t\t<\/div>\n\t\t\t\t<\/div>\n\t\t\t\t\t<\/div>\n\t\t\t\t<\/div>\n\t\t\t\t<\/div>","protected":false},"excerpt":{"rendered":"<p>Arrigal 11 S.L. WEB: Aviso legal LEY DE LOS SERVICIOS DE LA SOCIEDAD DE LA INFORMACI\u00d3N (LSSI) Arrigal 11 S.L., [&hellip;]<\/p>","protected":false},"author":1,"featured_media":0,"parent":0,"menu_order":0,"comment_status":"closed","ping_status":"closed","template":"","meta":{"site-sidebar-layout":"no-sidebar","site-content-layout":"","ast-site-content-layout":"full-width-container","site-content-style":"default","site-sidebar-style":"default","ast-global-header-display":"","ast-banner-title-visibility":"","ast-main-header-display":"","ast-hfb-above-header-display":"","ast-hfb-below-header-display":"","ast-hfb-mobile-header-display":"","site-post-title":"disabled","ast-breadcrumbs-content":"","ast-featured-img":"disabled","footer-sml-layout":"","theme-transparent-header-meta":"","adv-header-id-meta":"","stick-header-meta":"","header-above-stick-meta":"","header-main-stick-meta":"","header-below-stick-meta":"","astra-migrate-meta-layouts":"default","ast-page-background-enabled":"default","ast-page-background-meta":{"desktop":{"background-color":"var(--ast-global-color-4)","background-image":"","background-repeat":"repeat","background-position":"center center","background-size":"auto","background-attachment":"scroll","background-type":"","background-media":"","overlay-type":"","overlay-color":"","overlay-opacity":"","overlay-gradient":""},"tablet":{"background-color":"","background-image":"","background-repeat":"repeat","background-position":"center center","background-size":"auto","background-attachment":"scroll","background-type":"","background-media":"","overlay-type":"","overlay-color":"","overlay-opacity":"","overlay-gradient":""},"mobile":{"background-color":"","background-image":"","background-repeat":"repeat","background-position":"center center","background-size":"auto","background-attachment":"scroll","background-type":"","background-media":"","overlay-type":"","overlay-color":"","overlay-opacity":"","overlay-gradient":""}},"ast-content-background-meta":{"desktop":{"background-color":"var(--ast-global-color-5)","background-image":"","background-repeat":"repeat","background-position":"center center","background-size":"auto","background-attachment":"scroll","background-type":"","background-media":"","overlay-type":"","overlay-color":"","overlay-opacity":"","overlay-gradient":""},"tablet":{"background-color":"var(--ast-global-color-5)","background-image":"","background-repeat":"repeat","background-position":"center center","background-size":"auto","background-attachment":"scroll","background-type":"","background-media":"","overlay-type":"","overlay-color":"","overlay-opacity":"","overlay-gradient":""},"mobile":{"background-color":"var(--ast-global-color-5)","background-image":"","background-repeat":"repeat","background-position":"center center","background-size":"auto","background-attachment":"scroll","background-type":"","background-media":"","overlay-type":"","overlay-color":"","overlay-opacity":"","overlay-gradient":""}},"_joinchat":[],"footnotes":""},"class_list":["post-2162","page","type-page","status-publish","hentry"],"_links":{"self":[{"href":"https:\/\/estarmejor.es\/en\/wp-json\/wp\/v2\/pages\/2162","targetHints":{"allow":["GET"]}}],"collection":[{"href":"https:\/\/estarmejor.es\/en\/wp-json\/wp\/v2\/pages"}],"about":[{"href":"https:\/\/estarmejor.es\/en\/wp-json\/wp\/v2\/types\/page"}],"author":[{"embeddable":true,"href":"https:\/\/estarmejor.es\/en\/wp-json\/wp\/v2\/users\/1"}],"replies":[{"embeddable":true,"href":"https:\/\/estarmejor.es\/en\/wp-json\/wp\/v2\/comments?post=2162"}],"version-history":[{"count":29,"href":"https:\/\/estarmejor.es\/en\/wp-json\/wp\/v2\/pages\/2162\/revisions"}],"predecessor-version":[{"id":2457,"href":"https:\/\/estarmejor.es\/en\/wp-json\/wp\/v2\/pages\/2162\/revisions\/2457"}],"wp:attachment":[{"href":"https:\/\/estarmejor.es\/en\/wp-json\/wp\/v2\/media?parent=2162"}],"curies":[{"name":"wp","href":"https:\/\/api.w.org\/{rel}","templated":true}]}}