{"id":2163,"date":"2024-03-25T14:21:45","date_gmt":"2024-03-25T14:21:45","guid":{"rendered":"https:\/\/ciudalia.dev\/estarmejor\/politica-de-privacidad\/"},"modified":"2025-05-03T00:30:08","modified_gmt":"2025-05-03T00:30:08","slug":"politica-de-privacidad","status":"publish","type":"page","link":"https:\/\/estarmejor.es\/en\/politica-de-privacidad\/","title":{"rendered":"Privacy policy"},"content":{"rendered":"<div data-elementor-type=\"wp-page\" data-elementor-id=\"2163\" class=\"elementor elementor-2163\" data-elementor-post-type=\"page\">\n\t\t\t\t<div class=\"elementor-element elementor-element-b33f3e8 e-flex e-con-boxed e-con e-parent\" data-id=\"b33f3e8\" data-element_type=\"container\">\n\t\t\t\t\t<div class=\"e-con-inner\">\n\t\t\t\t<div class=\"elementor-element elementor-element-621127b elementor-widget elementor-widget-text-editor\" data-id=\"621127b\" data-element_type=\"widget\" data-widget_type=\"text-editor.default\">\n\t\t\t\t<div class=\"elementor-widget-container\">\n\t\t\t\t\t\t\t\t\t<p><\/p><p>Arrigal 11 SL<\/p><hr \/><p><\/p><p><\/p>\t\t\t\t\t\t\t\t<\/div>\n\t\t\t\t<\/div>\n\t\t\t\t\t<\/div>\n\t\t\t\t<\/div>\n\t\t<div class=\"elementor-element elementor-element-fc7cbe5 e-flex e-con-boxed e-con e-child\" data-id=\"fc7cbe5\" data-element_type=\"container\">\n\t\t\t\t\t<div class=\"e-con-inner\">\n\t\t<div class=\"elementor-element elementor-element-0ede210 e-flex e-con-boxed e-con e-child\" data-id=\"0ede210\" data-element_type=\"container\" data-settings=\"{&quot;background_background&quot;:&quot;classic&quot;}\">\n\t\t\t\t\t<div class=\"e-con-inner\">\n\t\t\t\t<div class=\"elementor-element elementor-element-69dcdf3 elementor-widget elementor-widget-heading\" data-id=\"69dcdf3\" data-element_type=\"widget\" data-widget_type=\"heading.default\">\n\t\t\t\t<div class=\"elementor-widget-container\">\n\t\t\t\t\t<h2 class=\"elementor-heading-title elementor-size-default\">WEBSITE: PRIVACY Policy\n<\/h2>\t\t\t\t<\/div>\n\t\t\t\t<\/div>\n\t\t\t\t\t<\/div>\n\t\t\t\t<\/div>\n\t\t<div class=\"elementor-element elementor-element-8a11e5d e-flex e-con-boxed e-con e-child\" data-id=\"8a11e5d\" data-element_type=\"container\">\n\t\t\t\t\t<div class=\"e-con-inner\">\n\t\t\t\t<div class=\"elementor-element elementor-element-967dace elementor-widget elementor-widget-heading\" data-id=\"967dace\" data-element_type=\"widget\" data-widget_type=\"heading.default\">\n\t\t\t\t<div class=\"elementor-widget-container\">\n\t\t\t\t\t<h2 class=\"elementor-heading-title elementor-size-default\">PRIVACY POLICY\n<\/h2>\t\t\t\t<\/div>\n\t\t\t\t<\/div>\n\t\t\t\t<div class=\"elementor-element elementor-element-c084f5b elementor-widget__width-inherit elementor-widget elementor-widget-text-editor\" data-id=\"c084f5b\" data-element_type=\"widget\" data-widget_type=\"text-editor.default\">\n\t\t\t\t<div class=\"elementor-widget-container\">\n\t\t\t\t\t\t\t\t\t<p><strong>1. INFORMATION TO THE USER<\/strong><\/p>\n<p><strong><span style=\"color: #123e9b;\">Who is the responsible for the processing of your personal data?<\/span><\/strong><br \/>Arrigal 11 SL is the RESPONSIBLE for the processing of the USER&#039;s personal data and informs you that these data will be treated in accordance with the provisions of Regulation (EU) 2016\/679 of 27 April (GDPR) and Organic Law 3\/2018 of 5 December (LOPDGDD).<br \/><strong><span style=\"color: #123e9b;\">Why we process your personal data?<\/span><\/strong><\/p>\n<ul>\n<li>To maintain a commercial relationship with the user. The operations planned to carry out the treatment<br \/>they are:<br \/>Referral of commercial communications by e-mail, fax, SMS, MMS, social networks or any other electronic or physical means, present or future, that enables commercial communications. These communications will be made by the controller and will be related to their products and services, or of its partners or suppliers with whom they have reached a promotion agreement. In this case, the third parties will never have access to personal data.<\/li>\n<li>Conduct market research and statistical analysis.<\/li>\n<li>Processing orders, requests, respond to queries or any type of request made by the USER through any of the contact forms that are made available on the website of the RESPONSIBLE.<\/li>\n<li>To send the newsletter online, about news, offers and promotions in our activity.<\/li>\n<\/ul>\n<p><strong><span style=\"color: #123e9b;\">Why do we treat your personal data?<\/span><\/strong><br \/>Because the treatment is legitimated by article 6 of the GDPR the following form:<\/p>\n<ul>\n<li>With the consent of the USER: referral of commercial communications and the newsletter.<\/li>\n<li>For the legitimate interest of the RESPONSIBLE party: perform market research, statistical analysis, etc, and processing orders, requests, etc, at the request of the USER.<\/li>\n<\/ul>\n<p><strong><span style=\"color: #123e9b;\">How long do we keep your personal data?<\/span><\/strong><br \/>Shall be kept for no longer than is necessary to maintain the end of the treatment, or there are legal requirements that dictate their custody, and when it is no longer necessary to do so, they shall be deleted with appropriate security measures to ensure the anonymization of the data or the total destruction of the same.<\/p>\n<p><span style=\"color: #123e9b;\"><strong>Who do we share your personal data?<\/strong><\/span><br \/>There is no communication of personal data to third parties, except, if necessary, for the development and execution of the purposes of the processing, to our providers of services related to communications, with which the controller has signed the confidentiality agreements and charge of the treatment required by the current regulations of privacy.<\/p>\n<p><strong><span style=\"color: #123e9b;\">What are your rights?<\/span><\/strong><br \/>Rights that assist the USER are:<\/p>\n<ul>\n<li>Right to withdraw consent at any time.<\/li>\n<li>Right of access, rectification, portability and deletion of your data and the limitation or opposition to your treatment.<\/li>\n<li>Right to lodge a complaint with the supervisory authority (www.aepd.es) if it considers that the treatment does not conform to the regulations in force.<\/li>\n<\/ul>\n<p><span style=\"color: #123e9b;\"><strong>Data of contact to exercise your rights:<\/strong><\/span><\/p>\n<p>Arrigal 11 S.L.. Avenida de Navacerrada, 4 28224 Pozuelo de Alarc\u00f3n Madrid Espa\u00f1a. E-mail: info@estarmejor.es.<\/p>\n<p><strong>2. MANDATORY OR OPTIONAL NATURE OF THE INFORMATION PROVIDED BY THE USER<\/strong><br \/>USERS, by marking the corresponding boxes and entering data in the fields, marked with an asterisk (*) in the contact form or presented in download forms, accept expressly and freely and unequivocally, that their data are necessary to meet your request, by the provider, being voluntary the inclusion of data in the remaining fields. The USER guarantees that the personal data provided to the RESPONSIBLE person is true and is responsible for communicating any modification thereof.<br \/>The RESPONSIBLE informs you that all the data requested through the website are mandatory, as they are necessary for the provision of an optimal service to the USER. In case of failure to provide all of the data, it is not guaranteed that the information and services provided will be completely adjusted to your needs.<\/p>\n<p><strong>3. SECURITY MEASURES<\/strong><\/p>\n<p>In accordance with the provisions of the current regulations on personal data protection, the RESPONSIBLE is complying with all the provisions of the regulations GDPR and LOPDGDD for the processing of personal data of its responsibility, and manifestly with the principles described in article 5 of the GDPR, by which they are treated in a licit, loyal and transparent manner in relation to the interested party and adequate, relevant and limited to what is necessary in relation to the purposes for which they are treated.<\/p>\n<p>The RESPONSIBLE guarantees that he has implemented policies and organizational techniques appropriate to apply the security measures established by the GDPR and LOPDGDD in order to protect the rights and freedoms of USERS and has communicated the appropriate information so that they can exercise them.<br \/>For more information on the guarantees of privacy, you can contact the head through Arrigal<br \/>11 S.L.. Avenida de Navacerrada, 4 28224 Pozuelo de Alarc\u00f3n Madrid Espa\u00f1a. E-mail: info@estarmejor.es<\/p>\t\t\t\t\t\t\t\t<\/div>\n\t\t\t\t<\/div>\n\t\t\t\t\t<\/div>\n\t\t\t\t<\/div>\n\t\t\t\t\t<\/div>\n\t\t\t\t<\/div>\n\t\t\t\t<\/div>","protected":false},"excerpt":{"rendered":"<p>Arrigal 11 S.L. WEB: Pol\u00edtica de PRIVACIDAD POL\u00cdTICA DE PRIVACIDAD 1. INFORMACI\u00d3N AL USUARIO \u00bfQui\u00e9n es el responsable del tratamiento [&hellip;]<\/p>","protected":false},"author":1,"featured_media":0,"parent":0,"menu_order":0,"comment_status":"closed","ping_status":"closed","template":"","meta":{"site-sidebar-layout":"no-sidebar","site-content-layout":"","ast-site-content-layout":"full-width-container","site-content-style":"default","site-sidebar-style":"default","ast-global-header-display":"","ast-banner-title-visibility":"","ast-main-header-display":"","ast-hfb-above-header-display":"","ast-hfb-below-header-display":"","ast-hfb-mobile-header-display":"","site-post-title":"disabled","ast-breadcrumbs-content":"","ast-featured-img":"disabled","footer-sml-layout":"","theme-transparent-header-meta":"","adv-header-id-meta":"","stick-header-meta":"","header-above-stick-meta":"","header-main-stick-meta":"","header-below-stick-meta":"","astra-migrate-meta-layouts":"default","ast-page-background-enabled":"default","ast-page-background-meta":{"desktop":{"background-color":"var(--ast-global-color-4)","background-image":"","background-repeat":"repeat","background-position":"center center","background-size":"auto","background-attachment":"scroll","background-type":"","background-media":"","overlay-type":"","overlay-color":"","overlay-opacity":"","overlay-gradient":""},"tablet":{"background-color":"","background-image":"","background-repeat":"repeat","background-position":"center center","background-size":"auto","background-attachment":"scroll","background-type":"","background-media":"","overlay-type":"","overlay-color":"","overlay-opacity":"","overlay-gradient":""},"mobile":{"background-color":"","background-image":"","background-repeat":"repeat","background-position":"center center","background-size":"auto","background-attachment":"scroll","background-type":"","background-media":"","overlay-type":"","overlay-color":"","overlay-opacity":"","overlay-gradient":""}},"ast-content-background-meta":{"desktop":{"background-color":"var(--ast-global-color-5)","background-image":"","background-repeat":"repeat","background-position":"center center","background-size":"auto","background-attachment":"scroll","background-type":"","background-media":"","overlay-type":"","overlay-color":"","overlay-opacity":"","overlay-gradient":""},"tablet":{"background-color":"var(--ast-global-color-5)","background-image":"","background-repeat":"repeat","background-position":"center center","background-size":"auto","background-attachment":"scroll","background-type":"","background-media":"","overlay-type":"","overlay-color":"","overlay-opacity":"","overlay-gradient":""},"mobile":{"background-color":"var(--ast-global-color-5)","background-image":"","background-repeat":"repeat","background-position":"center center","background-size":"auto","background-attachment":"scroll","background-type":"","background-media":"","overlay-type":"","overlay-color":"","overlay-opacity":"","overlay-gradient":""}},"_joinchat":[],"footnotes":""},"class_list":["post-2163","page","type-page","status-publish","hentry"],"_links":{"self":[{"href":"https:\/\/estarmejor.es\/en\/wp-json\/wp\/v2\/pages\/2163","targetHints":{"allow":["GET"]}}],"collection":[{"href":"https:\/\/estarmejor.es\/en\/wp-json\/wp\/v2\/pages"}],"about":[{"href":"https:\/\/estarmejor.es\/en\/wp-json\/wp\/v2\/types\/page"}],"author":[{"embeddable":true,"href":"https:\/\/estarmejor.es\/en\/wp-json\/wp\/v2\/users\/1"}],"replies":[{"embeddable":true,"href":"https:\/\/estarmejor.es\/en\/wp-json\/wp\/v2\/comments?post=2163"}],"version-history":[{"count":6,"href":"https:\/\/estarmejor.es\/en\/wp-json\/wp\/v2\/pages\/2163\/revisions"}],"predecessor-version":[{"id":2453,"href":"https:\/\/estarmejor.es\/en\/wp-json\/wp\/v2\/pages\/2163\/revisions\/2453"}],"wp:attachment":[{"href":"https:\/\/estarmejor.es\/en\/wp-json\/wp\/v2\/media?parent=2163"}],"curies":[{"name":"wp","href":"https:\/\/api.w.org\/{rel}","templated":true}]}}