{"id":2162,"date":"2024-03-25T14:21:44","date_gmt":"2024-03-25T14:21:44","guid":{"rendered":"https:\/\/ciudalia.dev\/estarmejor\/aviso-legal\/"},"modified":"2025-05-03T00:35:51","modified_gmt":"2025-05-03T00:35:51","slug":"aviso-legal","status":"publish","type":"page","link":"https:\/\/estarmejor.es\/fr\/aviso-legal\/","title":{"rendered":"Aviso Legal"},"content":{"rendered":"<div data-elementor-type=\"wp-page\" data-elementor-id=\"2162\" class=\"elementor elementor-2162\" data-elementor-post-type=\"page\">\n\t\t\t\t<div class=\"elementor-element elementor-element-5c4e27a1 e-flex e-con-boxed e-con e-parent\" data-id=\"5c4e27a1\" data-element_type=\"container\">\n\t\t\t\t\t<div class=\"e-con-inner\">\n\t\t\t\t<div class=\"elementor-element elementor-element-3565f1e8 elementor-widget elementor-widget-text-editor\" data-id=\"3565f1e8\" data-element_type=\"widget\" data-widget_type=\"text-editor.default\">\n\t\t\t\t<div class=\"elementor-widget-container\">\n\t\t\t\t\t\t\t\t\t<p><\/p><p>Arrigal 11 SL<\/p><hr \/><p><\/p><p><\/p>\t\t\t\t\t\t\t\t<\/div>\n\t\t\t\t<\/div>\n\t\t<div class=\"elementor-element elementor-element-a911671 e-flex e-con-boxed e-con e-child\" data-id=\"a911671\" data-element_type=\"container\">\n\t\t\t\t\t<div class=\"e-con-inner\">\n\t\t<div class=\"elementor-element elementor-element-ae78387 e-flex e-con-boxed e-con e-child\" data-id=\"ae78387\" data-element_type=\"container\" data-settings=\"{&quot;background_background&quot;:&quot;classic&quot;}\">\n\t\t\t\t\t<div class=\"e-con-inner\">\n\t\t\t\t<div class=\"elementor-element elementor-element-6346770 elementor-widget elementor-widget-heading\" data-id=\"6346770\" data-element_type=\"widget\" data-widget_type=\"heading.default\">\n\t\t\t\t<div class=\"elementor-widget-container\">\n\t\t\t\t\t<h2 class=\"elementor-heading-title elementor-size-default\">WEB: Avis juridique<\/h2>\t\t\t\t<\/div>\n\t\t\t\t<\/div>\n\t\t\t\t\t<\/div>\n\t\t\t\t<\/div>\n\t\t<div class=\"elementor-element elementor-element-37e0255 e-flex e-con-boxed e-con e-child\" data-id=\"37e0255\" data-element_type=\"container\">\n\t\t\t\t\t<div class=\"e-con-inner\">\n\t\t\t\t<div class=\"elementor-element elementor-element-834254f elementor-widget elementor-widget-heading\" data-id=\"834254f\" data-element_type=\"widget\" data-widget_type=\"heading.default\">\n\t\t\t\t<div class=\"elementor-widget-container\">\n\t\t\t\t\t<h2 class=\"elementor-heading-title elementor-size-default\">LA LOI DE SERVICES DE LA SOCI\u00c9T\u00c9 DE L&#039;INFORMATION (LSSI)<\/h2>\t\t\t\t<\/div>\n\t\t\t\t<\/div>\n\t\t\t\t<div class=\"elementor-element elementor-element-eeca1c5 elementor-widget__width-inherit elementor-widget elementor-widget-text-editor\" data-id=\"eeca1c5\" data-element_type=\"widget\" data-widget_type=\"text-editor.default\">\n\t\t\t\t<div class=\"elementor-widget-container\">\n\t\t\t\t\t\t\t\t\t<p>Arrigal 11 SL, responsable du site internet, ci-apr\u00e8s le RESPONSABLE, met \u00e0 disposition des utilisateurs de ce document avec qui il a l&#039;intention de respecter les obligations d\u00e9finies dans la Loi 34\/2002, du 11 juillet, sur les Services de la Soci\u00e9t\u00e9 de l&#039;Information et du Commerce \u00c9lectronique (LSSICE), BOE no. 166, ainsi que d&#039;informer tous les utilisateurs du site que ce sont les conditions d&#039;utilisation.<\/p>\n<p>Toute personne acc\u00e9dant \u00e0 ce site assume le r\u00f4le de l&#039;utilisateur, s&#039;engager dans le respect et la stricte conformit\u00e9 avec les dispositions \u00e9nonc\u00e9es dans les pr\u00e9sentes, ainsi que toute autre disposition l\u00e9gale applicable.<\/p>\n<p>Arrigal 11 SL se r\u00e9serve le droit de modifier tout type d&#039;informations qui peuvent appara\u00eetre sur le site web, sans aucune obligation de donner un pr\u00e9avis ou informer les utilisateurs de la dit<br \/>obligations, \u00e9tant entendu que suffisant avec la publication sur le site web de Arrigal 11 S. L..<\/p>\n<p><strong>1. LES DONN\u00c9ES D&#039;IDENTIFICATION DE<\/strong><br \/>Nom de domaine: estarmejor.est<br \/>Nom de l&#039;entreprise: Arrigal 11 SL<br \/>Nom de la soci\u00e9t\u00e9: Arrigal 11 SL<br \/>NIF: B13871504<br \/>Domicilio social: Avenida de Navacerrada, 4 28224 Pozuelo de Alarc\u00f3n Madrid Espa\u00f1a.<br \/>T\u00e9l\u00e9phone: 655814955<br \/>E-mail: info@estarmejor.es<\/p>\n<p><strong>2. DROITS DE PROPRI\u00c9T\u00c9 INDUSTRIELLE ET INTELLECTUELLE<\/strong><br \/>Le site web, y compris, mais non limit\u00e9e \u00e0 sa programmation, l&#039;\u00e9dition, la compilation et des autres \u00e9l\u00e9ments n\u00e9cessaires \u00e0 son fonctionnement, dessins, logos, texte et\/ou graphiques, sont la propri\u00e9t\u00e9 de la RESPONSABLE ou, le cas \u00e9ch\u00e9ant, disposer d&#039;une licence ou d&#039;une autorisation expresse des auteurs. Tous les contenus du site sont prot\u00e9g\u00e9s par les r\u00e8gles de propri\u00e9t\u00e9 intellectuelle et industrielle, ainsi que inscrit dans les registres publics.<br \/>Quel que soit le but pour lequel ils ont \u00e9t\u00e9 con\u00e7us, la reproduction totale ou partielle, l&#039;utilisation, l&#039;exploitation, la distribution et la commercialisation, n\u00e9cessite dans tous les cas une autorisation pr\u00e9alable \u00e9crite du RESPONSABLE. Toute utilisation non autoris\u00e9e pr\u00e9alablement est consid\u00e9r\u00e9 comme une grave violation des droits de propri\u00e9t\u00e9 intellectuelle ou industrielle de l&#039;auteur.<br \/>Les dessins, logos, texte et\/ou graphiques \u00e0 l&#039;ext\u00e9rieur de la RESPONSABLE et qui peuvent appara\u00eetre sur le site, sont la propri\u00e9t\u00e9 de leurs propri\u00e9taires respectifs, \u00e9tant eux-m\u00eames responsables de toute controverse qui pourrait surgir quant \u00e0 la m\u00eame. Le RESPONSABLE express\u00e9ment autorise les tiers \u00e0 rediriger directement vers le contenu du site web, et en tout cas la redirection vers le site principal qr.cuidalia.com.<br \/>Le RESPONSABLE reconna\u00eet en faveur de ses d\u00e9tenteurs des droits de propri\u00e9t\u00e9 intellectuelle et industrielle, ce qui implique de ne pas leur simple mention ou apparition sur le site web de l&#039;existence de droits ou toute la responsabilit\u00e9 sur eux, comme une approbation, un parrainage ou une recommandation par le m\u00eame.<br \/>Pour faire une observation au sujet d&#039;une possible violation des droits de propri\u00e9t\u00e9 intellectuelle ou industrielle, ainsi que tout le contenu du site web, vous pouvez le faire via l&#039;adresse e-mail infoestarmejor.est<\/p>\n<p><strong>3. AVERTISSEMENT<\/strong><br \/>Le RESPONSABLE est exon\u00e9r\u00e9e de toute responsabilit\u00e9 quant aux informations publi\u00e9es sur son site web, \u00e0 condition que vous n&#039;avez pas connaissance du fait que cette information a \u00e9t\u00e9 manipul\u00e9e ou introduite par un tiers ou, si elle a, a agi avec diligence pour supprimer les donn\u00e9es ou il est impossible d&#039;y acc\u00e9der.<br \/><strong>Utilisation des Cookies<\/strong><br \/>Ce site web peut utiliser la technique des cookies (petits fichiers d&#039;information que le serveur envoie \u00e0 l&#039;ordinateur de la personne acc\u00e9dant \u00e0 la page) pour effectuer certaines fonctions qui sont consid\u00e9r\u00e9s comme essentiels pour le bon fonctionnement et la visualisation du site. Les cookies utilis\u00e9s sont, en tout cas, un caract\u00e8re temporaire, dans le seul but de rendre plus efficace la navigation, et disparaissent \u00e0 la fin de la session de l&#039;utilisateur. Dans tous les cas, ces cookies fournissent par eux-m\u00eames des donn\u00e9es \u00e0 caract\u00e8re personnel et ne sont pas utilis\u00e9s pour la collecte de la m\u00eame chose.<br \/>Gr\u00e2ce \u00e0 l&#039;utilisation de cookies, il est \u00e9galement possible que le serveur sur lequel le web reconna\u00eet le navigateur utilis\u00e9 par l&#039;utilisateur afin de faciliter la navigation, permettant, par exemple, \u00e0 l&#039;acc\u00e8s aux utilisateurs qui ont pr\u00e9alablement enregistr\u00e9s dans les r\u00e9gions, les services, promotions ou concours r\u00e9serv\u00e9s exclusivement \u00e0 eux sans avoir \u00e0 s&#039;inscrire \u00e0 chaque visite.<br \/>Peut \u00e9galement \u00eatre utilis\u00e9 pour mesurer l&#039;audience, param\u00e8tres de trafic, contr\u00f4ler les progr\u00e8s et le nombre d&#039;entr\u00e9es, etc, \u00e9tant dans ces cas, les cookies dispensable techniquement, mais b\u00e9n\u00e9fique pour l&#039;utilisateur. Ce site web ne sera pas install\u00e9 dispensable cookies sans le consentement pr\u00e9alable de l&#039;utilisateur.<br \/>Ce site utilise des cookies propres et de tiers pour des fins d&#039;analyse et pour vous montrer de la publicit\u00e9 personnalis\u00e9e en fonction d&#039;un profil \u00e9tabli \u00e0 partir de vos habitudes de navigation (par exemple, les pages visit\u00e9es). Tout utilisateur qui visite le site web est inform\u00e9 de l&#039;utilisation de ces cookies par le biais d&#039;une banni\u00e8re flottante. Dans le cas de l&#039;acceptation de leur utilisation, la banni\u00e8re \u00e0 dispara\u00eetre, mais \u00e0 toutes les fois<br \/>vous pouvez r\u00e9voquer votre consentement et obtenir plus d&#039;informations en consultant notre Politique sur les cookies.<br \/>L&#039;utilisateur a la possibilit\u00e9 de configurer son navigateur pour \u00eatre averti de la r\u00e9ception de cookies et emp\u00eacher leur installation sur leur ordinateur. S&#039;il vous pla\u00eet, r\u00e9f\u00e9rez-vous aux instructions de votre navigateur<br \/>d\u00e9veloppez cette information.<br \/><strong>Politique de liens<\/strong><br \/>\u00c0 partir du site web, vous pouvez \u00eatre redirig\u00e9 vers des contenus de tiers sites web. \u00c9tant donn\u00e9 que le RESPONSABLE ne peut pas toujours contr\u00f4ler le contenu introduit par des tiers dans leurs sites web respectifs, n&#039;assument aucune responsabilit\u00e9 quant \u00e0 ces contenus. Dans tous les cas, vous pourrez proc\u00e9der au retrait imm\u00e9diat de tout contenu qui pourrait enfreindre la l\u00e9gislation nationale ou internationale, \u00e0 la morale ou \u00e0 l&#039;ordre public, de proc\u00e9der au retrait imm\u00e9diat de la redirection vers ce site internet, d&#039;en informer les autorit\u00e9s comp\u00e9tentes le contenu en question.<br \/>Le RESPONSABLE n&#039;est pas responsable pour le contenu et les informations stock\u00e9es, y compris mais non limit\u00e9 \u00e0, dans les forums, chats, blogs g\u00e9n\u00e9rateurs, les commentaires, les r\u00e9seaux sociaux ou tout autre moyen qui permet \u00e0 des tiers de publier des contenus de mani\u00e8re ind\u00e9pendante sur le site de la RESPONSABLE. Cependant, et en conformit\u00e9 avec les dispositions des articles 11 et 16 de la LSSICE, il est mis \u00e0 la disposition de tous les utilisateurs, les autorit\u00e9s et les forces de s\u00e9curit\u00e9, collaborer dans le retrait ou, le cas \u00e9ch\u00e9ant, le blocage de tous les contenus qui peuvent affecter ou contraires \u00e0 la l\u00e9gislation nationale ou internationale, les droits de tiers ou aux bonnes m\u0153urs et \u00e0 l&#039;ordre public. Dans le cas o\u00f9 l&#039;utilisateur estime qu&#039;il existe sur le site tout contenu qui pourrait \u00eatre sensible \u00e0 cette classification, veuillez en informer imm\u00e9diatement l&#039;administrateur du site.<br \/>Ce site a \u00e9t\u00e9 revu et test\u00e9 pour fonctionner correctement. En principe, le fonctionnement correct ne peut \u00eatre garanti 365 jours par an, 24 heures par jour. Cependant, les RESPONSABLES n&#039;exclut pas la possibilit\u00e9 qu&#039;il y a certaines erreurs de programmation ou de force majeure, catastrophes naturelles, gr\u00e8ves ou des circonstances similaires, qui font qu&#039;il est impossible d&#039;acc\u00e9der \u00e0 la page web.<br \/><strong>Adresse IP<\/strong><br \/>Les serveurs de site web peut d\u00e9tecter automatiquement l&#039;adresse IP et le nom de domaine utilis\u00e9 par l&#039;utilisateur. Une adresse IP est un nombre automatiquement assign\u00e9 \u00e0 un ordinateur lorsqu&#039;il se connecte \u00e0 Internet. Toutes ces informations sont enregistr\u00e9es dans un fichier d&#039;activit\u00e9 d\u00fbment enregistr\u00e9 serveur qui permet le traitement ult\u00e9rieur des donn\u00e9es afin d&#039;obtenir uniquement des mesures statistiques qui r\u00e9v\u00e8lent que le nombre d&#039;impressions de pages, le nombre de visites pour les serveurs web, l&#039;ordre de ces visites, le point d&#039;acc\u00e8s, etc<br \/><strong>4. DROIT APPLICABLE ET JURIDICTION COMP\u00c9TENTE<\/strong><br \/>Pour la r\u00e9solution de tous les diff\u00e9rends ou les questions relatives \u00e0 ce site web ou les activit\u00e9s d\u00e9velopp\u00e9es en lui, appliquera la loi espagnole, \u00e0 laquelle les parties se soumettent express\u00e9ment, \u00e9tant comp\u00e9tent pour la r\u00e9solution de tous les conflits d\u00e9riv\u00e9s de ou li\u00e9s \u00e0 votre utilisation des cours et Tribunaux du domicile de l&#039;UTILISATEUR ou du lieu d&#039;ex\u00e9cution de l&#039;obligation.<\/p>\t\t\t\t\t\t\t\t<\/div>\n\t\t\t\t<\/div>\n\t\t\t\t\t<\/div>\n\t\t\t\t<\/div>\n\t\t\t\t\t<\/div>\n\t\t\t\t<\/div>\n\t\t\t\t\t<\/div>\n\t\t\t\t<\/div>\n\t\t<div class=\"elementor-element elementor-element-a408a06 e-flex e-con-boxed e-con e-parent\" data-id=\"a408a06\" data-element_type=\"container\">\n\t\t\t\t\t<div class=\"e-con-inner\">\n\t\t\t\t<div class=\"elementor-element elementor-element-6281652 elementor-widget elementor-widget-shortcode\" data-id=\"6281652\" data-element_type=\"widget\" data-widget_type=\"shortcode.default\">\n\t\t\t\t<div class=\"elementor-widget-container\">\n\t\t\t\t\t\t\t<div class=\"elementor-shortcode\">\n<h2>Identificaci\u00f3n y Titularidad<\/h2>\n\n<p>\n\t\tEn cumplimiento del art\u00edculo 10 de la Ley 34\/2002, de 11 de julio, de Servicios de la Sociedad de la Informaci\u00f3n y Comercio Electr\u00f3nico, el Titular expone sus datos identificativos:\n<\/p>\n\n<p>\n\t<ul>\t\t\n\t\t<li>\n\t\t\t<b>Titular:<\/b>&nbsp;\t\t\n\t\t\tArrigal 11 SL.\n\t\t\t\n\t\t<\/li>\n\t\t\n\t\t<li>\n\t\t\t<b>NIF:<\/b>&nbsp;B13871504\n\t\t\t\n\t\t\t<br\/>\n\t\t\tEnregistr\u00e9e au registre du commerce de Madrid, volume , un livre , un article , feuille , feuille d&#039;inscription .\n\t\t\t\n\t\t<\/li>\n\n\n\t\t<li>\n\t\t\t<b>Domicilio:<\/b>&nbsp;\n\t\t\t  - Espagne.\n\t\t<\/li>\n\t\t\n\t\t<li>\n\t\t\t<b>Correo electr\u00f3nico:<\/b>&nbsp;\n\t\t\tInfo@estarmejor.es\n\t\t<\/li>\n\t\t\n\t\t<li>\n\t\t\t<b>Tel\u00e9fono de contacto:<\/b>&nbsp;\n\t\t\t+34 655 81 49 55\n\t\t<\/li>\n\n\t\t<li>\n\t\t\t<b>Sitio Web:<\/b>&nbsp;\n\t\t\t<a href=\"https:\/\/estarmejor.es\/fr\/\">https:\/\/estarmejor.es<\/a>\n\t\t<\/li>\n\t<\/ul>\n<\/p>\n\n\n\n<h2>Condiciones de Uso<\/h2>\n<p>\n\tLa utilizaci\u00f3n del Sitio Web le otorga la condici\u00f3n de Usuario, e implica la aceptaci\u00f3n completa de todas las cl\u00e1usulas y condiciones de uso incluidas en las p\u00e1ginas:\n\t<ul>\t\t\n\t\t<li><a href=\"\">Aviso Legal<\/a><\/li>\n\t\t\n\t\t<li><a href=\"https:\/\/estarmejor.es\/fr\/politica-de-cookies\/\">Politique en mati\u00e8re de cookies<\/a><\/li>\n\t<\/ul>\t\n<\/p>\n\n<p>\n\tSi no estuviera conforme con todas y cada una de estas cl\u00e1usulas y condiciones abst\u00e9ngase de utilizar el Sitio Web.\n<\/p>\n\n<p>\t\n\tEl acceso al Sitio Web no supone, en modo alguno, el inicio de una relaci\u00f3n comercial con el Titular.\n<\/p>\n\n<p>\t\n\tA trav\u00e9s del Sitio Web, el Titular le facilita el acceso y la utilizaci\u00f3n de diversos contenidos que el Titular y\/o sus colaboradores han publicado por medio de Internet.\n<\/p>\n\n<p>\n\tA tal efecto, est\u00e1 obligado y comprometido a NO utilizar cualquiera de los contenidos del Sitio Web con fines o efectos il\u00edcitos, prohibidos en este Aviso Legal o por la legislaci\u00f3n vigente, lesivos de los derechos e intereses de terceros, o que de cualquier forma puedan da\u00f1ar, inutilizar, sobrecargar, deteriorar o impedir la normal utilizaci\u00f3n de los contenidos, los equipos inform\u00e1ticos o los documentos, archivos y toda clase de contenidos almacenados en cualquier equipo inform\u00e1tico propios o contratados por el Titular, de otros usuarios o de cualquier usuario de Internet.\n<\/p>\n\n\n\n\n\n\n<h2>Medidas de seguridad<\/h2>\n<p>\n\tLos datos personales que facilite al Titular pueden ser almacenados en bases de datos automatizadas o no, cuya titularidad corresponde en exclusiva al Titular, que asume todas las medidas de \u00edndole t\u00e9cnica, organizativa y de seguridad que garantizan la confidencialidad, integridad y calidad de la informaci\u00f3n contenida en las mismas de acuerdo con lo establecido en la normativa vigente en protecci\u00f3n de datos.\n<\/p>\n<p>\n\tNo obstante, debe ser consciente de que las medidas de seguridad de los sistemas inform\u00e1ticos en Internet no son enteramente fiables y que, por tanto el Titular no puede garantizar la inexistencia de virus u otros elementos que puedan producir alteraciones en los sistemas inform\u00e1ticos (software y hardware) del Usuario o en sus documentos electr\u00f3nicos y ficheros contenidos en los mismos aunque el Titular pone todos los medios necesarios y toma las medidas de seguridad oportunas para evitar la presencia de estos elementos da\u00f1inos.\n<\/p>\n\n\n\n<h2>Contenidos<\/h2>\n<p>\n\tEl Titular ha obtenido la informaci\u00f3n, el contenido multimedia y los materiales incluidos en el Sitio Web de fuentes que considera fiables, pero, si bien ha tomado todas las medidas razonables para asegurar que la informaci\u00f3n contenida es correcta, el Titular no garantiza que sea exacta, completa o actualizada. El Titular declina expresamente cualquier responsabilidad por error u omisi\u00f3n en la informaci\u00f3n contenida en las p\u00e1ginas del Sitio Web.\n<\/p>\n\n<p>\n\tQueda prohibido transmitir o enviar a trav\u00e9s del Sitio Web cualquier contenido ilegal o il\u00edcito, virus inform\u00e1ticos, o mensajes que, en general, afecten o violen derechos del Titular o de terceros.\n<\/p>\n\n<p>\n\tLos contenidos del Sitio Web tienen \u00fanicamente una finalidad informativa y bajo ninguna circunstancia deben usarse ni considerarse como oferta de venta, solicitud de una oferta de compra ni recomendaci\u00f3n para realizar cualquier otra operaci\u00f3n, salvo que as\u00ed se indique expresamente.\n<\/p>\n\n<p>\n\tEl Titular se reserva el derecho a modificar, suspender, cancelar o restringir el contenido del Sitio Web, los v\u00ednculos o la informaci\u00f3n obtenida a trav\u00e9s del Sitio Web, sin necesidad de previo aviso.\n<\/p>\n\n<p>\n\tEl Titular\u00a0no es responsable de los da\u00f1os y perjuicios que pudieran derivarse de la utilizaci\u00f3n de la informaci\u00f3n del Sitio Web.\n<\/p>\n\n\n<h2>Politique en mati\u00e8re de cookies<\/h2>\n<p>\n\tPuede consultar toda la informaci\u00f3n relativa a la pol\u00edtica de recogida y tratamiento de las cookies en la p\u00e1gina de  <a href=\"https:\/\/estarmejor.es\/fr\/politica-de-cookies\/\">Politique en mati\u00e8re de cookies<\/a>.\n<\/p>\n\n\n<h2>Enlaces a otros sitios Web<\/h2>\n<p>\n\tEl Titular puede proporcionarle acceso a sitios Web de terceros mediante enlaces con la finalidad exclusiva de informar sobre la existencia de otras fuentes de informaci\u00f3n en Internet en las que podr\u00e1 ampliar los datos ofrecidos en el Sitio Web.\n<\/p>\n\n<p>\t\n\tEstos enlaces a otros sitios Web no suponen en ning\u00fan caso una sugerencia o recomendaci\u00f3n para que usted visite las p\u00e1ginas web de destino, que est\u00e1n fuera del control del Titular, por lo que el Titular no es responsable del contenido de los sitios web vinculados ni del resultado que obtenga al seguir los enlaces.\n\tAsimismo, el Titular no responde de los links o enlaces ubicados en los sitios web vinculados a los que le proporciona acceso.\n<\/p>\n\n<p>\n\tEl establecimiento del enlace no implica en ning\u00fan caso la existencia de relaciones entre el Titular y el propietario del sitio en el que se establezca el enlace, ni la aceptaci\u00f3n o aprobaci\u00f3n por parte del Titular de sus contenidos o servicios.\n<\/p>\n\n<p>\t\n\tSi accede a un sitio web externo desde un enlace que encuentre en el Sitio Web usted deber\u00e1 leer la propia pol\u00edtica de privacidad del otro sitio web que puede ser diferente de la de este sitio Web.\n<\/p>\n\n\n\n<h2>Propiedad intelectual e industrial<\/h2>\n<p>\n\tTodos los derechos est\u00e1n reservados.\n<\/p>\n<p>\n\tTodo acceso a este Sitio Web est\u00e1 sujeto a las siguientes condiciones: la reproducci\u00f3n, almacenaje permanente y la difusi\u00f3n de los contenidos o cualquier otro uso que tenga finalidad p\u00fablica o comercial queda expresamente prohibida sin el consentimiento previo expreso y por escrito del Titular.\n<\/p>\n\n\n<h2>Limitaci\u00f3n de responsabilidad<\/h2>\n<p>\n\tLa informaci\u00f3n y servicios incluidos o disponibles a trav\u00e9s del Sitio Web pueden incluir incorrecciones o errores tipogr\u00e1ficos. De forma peri\u00f3dica el Titular incorpora mejoras y\/o cambios a la informaci\u00f3n contenida y\/o los Servicios que puede introducir en cualquier momento.\n<\/p>\n<p>\n\tEl Titular no declara ni garantiza que los servicios o contenidos sean interrumpidos o que est\u00e9n libres de errores, que los defectos sean corregidos, o que el servicio o el servidor que lo pone a disposici\u00f3n est\u00e9n libres de virus u otros componentes nocivos sin perjuicio de que el Titular realiza todos los esfuerzos en evitar este tipo de incidentes.\n<\/p>\n<p>\n\tEl Titular declina cualquier responsabilidad en caso de que existan interrupciones o un mal funcionamiento de los Servicios o contenidos ofrecidos en Internet, cualquiera que sea su causa. Asimismo, el Titular no se hace responsable por ca\u00eddas de la red, p\u00e9rdidas de negocio a consecuencia de dichas ca\u00eddas, suspensiones temporales de fluido el\u00e9ctrico o cualquier otro tipo de da\u00f1o indirecto que te pueda ser causado por causas ajenas a el Titular.\n<\/p>\n<p>\n\tAntes de tomar decisiones y\/o acciones con base a la informaci\u00f3n incluida en el Sitio Web, el Titular le recomienda comprobar y contrastar la informaci\u00f3n recibida con otras fuentes.\n<\/p>\n\n\n\n<h2>Jurisdicci\u00f3n<\/h2>\n<p>\t\n\tEste Aviso Legal se rige \u00edntegramente por la legislaci\u00f3n espa\u00f1ola.\n<\/p>\n\n\n<h2>Contact<\/h2>\n<p>\t\n\tEn caso de que usted tenga cualquier duda acerca de este Aviso Legal o quiera realizar cualquier comentario sobre el Sitio Web, puede enviar un mensaje de correo electr\u00f3nico a la direcci\u00f3n: Info@estarmejor.es\n<\/p>\n<\/div>\n\t\t\t\t\t\t<\/div>\n\t\t\t\t<\/div>\n\t\t\t\t\t<\/div>\n\t\t\t\t<\/div>\n\t\t\t\t<\/div>","protected":false},"excerpt":{"rendered":"<p>Arrigal 11 S.L. WEB: Aviso legal LEY DE LOS SERVICIOS DE LA SOCIEDAD DE LA INFORMACI\u00d3N (LSSI) Arrigal 11 S.L., [&hellip;]<\/p>","protected":false},"author":1,"featured_media":0,"parent":0,"menu_order":0,"comment_status":"closed","ping_status":"closed","template":"","meta":{"site-sidebar-layout":"no-sidebar","site-content-layout":"","ast-site-content-layout":"full-width-container","site-content-style":"default","site-sidebar-style":"default","ast-global-header-display":"","ast-banner-title-visibility":"","ast-main-header-display":"","ast-hfb-above-header-display":"","ast-hfb-below-header-display":"","ast-hfb-mobile-header-display":"","site-post-title":"disabled","ast-breadcrumbs-content":"","ast-featured-img":"disabled","footer-sml-layout":"","theme-transparent-header-meta":"","adv-header-id-meta":"","stick-header-meta":"","header-above-stick-meta":"","header-main-stick-meta":"","header-below-stick-meta":"","astra-migrate-meta-layouts":"default","ast-page-background-enabled":"default","ast-page-background-meta":{"desktop":{"background-color":"var(--ast-global-color-4)","background-image":"","background-repeat":"repeat","background-position":"center center","background-size":"auto","background-attachment":"scroll","background-type":"","background-media":"","overlay-type":"","overlay-color":"","overlay-opacity":"","overlay-gradient":""},"tablet":{"background-color":"","background-image":"","background-repeat":"repeat","background-position":"center center","background-size":"auto","background-attachment":"scroll","background-type":"","background-media":"","overlay-type":"","overlay-color":"","overlay-opacity":"","overlay-gradient":""},"mobile":{"background-color":"","background-image":"","background-repeat":"repeat","background-position":"center center","background-size":"auto","background-attachment":"scroll","background-type":"","background-media":"","overlay-type":"","overlay-color":"","overlay-opacity":"","overlay-gradient":""}},"ast-content-background-meta":{"desktop":{"background-color":"var(--ast-global-color-5)","background-image":"","background-repeat":"repeat","background-position":"center center","background-size":"auto","background-attachment":"scroll","background-type":"","background-media":"","overlay-type":"","overlay-color":"","overlay-opacity":"","overlay-gradient":""},"tablet":{"background-color":"var(--ast-global-color-5)","background-image":"","background-repeat":"repeat","background-position":"center center","background-size":"auto","background-attachment":"scroll","background-type":"","background-media":"","overlay-type":"","overlay-color":"","overlay-opacity":"","overlay-gradient":""},"mobile":{"background-color":"var(--ast-global-color-5)","background-image":"","background-repeat":"repeat","background-position":"center center","background-size":"auto","background-attachment":"scroll","background-type":"","background-media":"","overlay-type":"","overlay-color":"","overlay-opacity":"","overlay-gradient":""}},"_joinchat":[],"footnotes":""},"class_list":["post-2162","page","type-page","status-publish","hentry"],"_links":{"self":[{"href":"https:\/\/estarmejor.es\/fr\/wp-json\/wp\/v2\/pages\/2162","targetHints":{"allow":["GET"]}}],"collection":[{"href":"https:\/\/estarmejor.es\/fr\/wp-json\/wp\/v2\/pages"}],"about":[{"href":"https:\/\/estarmejor.es\/fr\/wp-json\/wp\/v2\/types\/page"}],"author":[{"embeddable":true,"href":"https:\/\/estarmejor.es\/fr\/wp-json\/wp\/v2\/users\/1"}],"replies":[{"embeddable":true,"href":"https:\/\/estarmejor.es\/fr\/wp-json\/wp\/v2\/comments?post=2162"}],"version-history":[{"count":29,"href":"https:\/\/estarmejor.es\/fr\/wp-json\/wp\/v2\/pages\/2162\/revisions"}],"predecessor-version":[{"id":2457,"href":"https:\/\/estarmejor.es\/fr\/wp-json\/wp\/v2\/pages\/2162\/revisions\/2457"}],"wp:attachment":[{"href":"https:\/\/estarmejor.es\/fr\/wp-json\/wp\/v2\/media?parent=2162"}],"curies":[{"name":"wp","href":"https:\/\/api.w.org\/{rel}","templated":true}]}}