{"id":2163,"date":"2024-03-25T14:21:45","date_gmt":"2024-03-25T14:21:45","guid":{"rendered":"https:\/\/ciudalia.dev\/estarmejor\/politica-de-privacidad\/"},"modified":"2025-05-03T00:30:08","modified_gmt":"2025-05-03T00:30:08","slug":"politica-de-privacidad","status":"publish","type":"page","link":"https:\/\/estarmejor.es\/fr\/politica-de-privacidad\/","title":{"rendered":"Politique de confidentialit\u00e9"},"content":{"rendered":"<div data-elementor-type=\"wp-page\" data-elementor-id=\"2163\" class=\"elementor elementor-2163\" data-elementor-post-type=\"page\">\n\t\t\t\t<div class=\"elementor-element elementor-element-b33f3e8 e-flex e-con-boxed e-con e-parent\" data-id=\"b33f3e8\" data-element_type=\"container\">\n\t\t\t\t\t<div class=\"e-con-inner\">\n\t\t\t\t<div class=\"elementor-element elementor-element-621127b elementor-widget elementor-widget-text-editor\" data-id=\"621127b\" data-element_type=\"widget\" data-widget_type=\"text-editor.default\">\n\t\t\t\t<div class=\"elementor-widget-container\">\n\t\t\t\t\t\t\t\t\t<p><\/p><p>Arrigal 11 SL<\/p><hr \/><p><\/p><p><\/p>\t\t\t\t\t\t\t\t<\/div>\n\t\t\t\t<\/div>\n\t\t\t\t\t<\/div>\n\t\t\t\t<\/div>\n\t\t<div class=\"elementor-element elementor-element-fc7cbe5 e-flex e-con-boxed e-con e-child\" data-id=\"fc7cbe5\" data-element_type=\"container\">\n\t\t\t\t\t<div class=\"e-con-inner\">\n\t\t<div class=\"elementor-element elementor-element-0ede210 e-flex e-con-boxed e-con e-child\" data-id=\"0ede210\" data-element_type=\"container\" data-settings=\"{&quot;background_background&quot;:&quot;classic&quot;}\">\n\t\t\t\t\t<div class=\"e-con-inner\">\n\t\t\t\t<div class=\"elementor-element elementor-element-69dcdf3 elementor-widget elementor-widget-heading\" data-id=\"69dcdf3\" data-element_type=\"widget\" data-widget_type=\"heading.default\">\n\t\t\t\t<div class=\"elementor-widget-container\">\n\t\t\t\t\t<h2 class=\"elementor-heading-title elementor-size-default\">SITE web: Politique de CONFIDENTIALIT\u00c9\n<\/h2>\t\t\t\t<\/div>\n\t\t\t\t<\/div>\n\t\t\t\t\t<\/div>\n\t\t\t\t<\/div>\n\t\t<div class=\"elementor-element elementor-element-8a11e5d e-flex e-con-boxed e-con e-child\" data-id=\"8a11e5d\" data-element_type=\"container\">\n\t\t\t\t\t<div class=\"e-con-inner\">\n\t\t\t\t<div class=\"elementor-element elementor-element-967dace elementor-widget elementor-widget-heading\" data-id=\"967dace\" data-element_type=\"widget\" data-widget_type=\"heading.default\">\n\t\t\t\t<div class=\"elementor-widget-container\">\n\t\t\t\t\t<h2 class=\"elementor-heading-title elementor-size-default\">POLITIQUE DE CONFIDENTIALIT\u00c9\n<\/h2>\t\t\t\t<\/div>\n\t\t\t\t<\/div>\n\t\t\t\t<div class=\"elementor-element elementor-element-c084f5b elementor-widget__width-inherit elementor-widget elementor-widget-text-editor\" data-id=\"c084f5b\" data-element_type=\"widget\" data-widget_type=\"text-editor.default\">\n\t\t\t\t<div class=\"elementor-widget-container\">\n\t\t\t\t\t\t\t\t\t<p><strong>1. L&#039;INFORMATION \u00c0 L&#039;UTILISATEUR<\/strong><\/p>\n<p><strong><span style=\"color: #123e9b;\">Qui est le responsable du traitement de vos donn\u00e9es personnelles?<\/span><\/strong><br \/>Arrigal 11 SL est le RESPONSABLE du traitement des donn\u00e9es personnelles de l&#039;UTILISATEUR et vous informe que ces donn\u00e9es seront trait\u00e9es conform\u00e9ment aux dispositions du R\u00e8glement (UE) 2016\/679 du 27 avril (GDPR) et de la Loi Organique 3\/2018 du 5 d\u00e9cembre (LOPDGDD).<br \/><strong><span style=\"color: #123e9b;\">Pourquoi utilisons-nous vos donn\u00e9es personnelles?<\/span><\/strong><\/p>\n<ul>\n<li>Pour maintenir une relation commerciale avec l&#039;utilisateur. Les activit\u00e9s pr\u00e9vues pour r\u00e9aliser le traitement<br \/>ils sont les suivants:<br \/>Le renvoi de communications commerciales par e-mail, fax, SMS, MMS, r\u00e9seaux sociaux ou tout autre support \u00e9lectronique ou physique, pr\u00e9sent ou futur, qui permet la communication commerciale. Ces communications doivent \u00eatre effectu\u00e9es par le responsable du traitement et seront li\u00e9s \u00e0 leurs produits et services, ou de ses partenaires ou fournisseurs avec lesquels ils ont conclu un accord de promotion. Dans ce cas, le tiers n&#039;aura jamais acc\u00e8s aux donn\u00e9es \u00e0 caract\u00e8re personnel.<\/li>\n<li>Effectuer des \u00e9tudes de march\u00e9 et de l&#039;analyse statistique.<\/li>\n<li>Le traitement des commandes, demandes, r\u00e9pondre \u00e0 des questions, ou tout autre type de demande faite par l&#039;UTILISATEUR par le biais des formulaires de contact disponibles sur le site web de la RESPONSABLE.<\/li>\n<li>Pour envoyer la newsletter en ligne, sur les nouvelles, les offres et les promotions sur notre activit\u00e9.<\/li>\n<\/ul>\n<p><strong><span style=\"color: #123e9b;\">Pourquoi traitons-nous vos donn\u00e9es personnelles?<\/span><\/strong><br \/>Parce que le traitement est l\u00e9gitim\u00e9e par l&#039;article 6 de la GDPR la forme suivante:<\/p>\n<ul>\n<li>Avec le consentement de l&#039;UTILISATEUR: le renvoi de communications commerciales et de la newsletter.<\/li>\n<li>Dans l&#039;int\u00e9r\u00eat l\u00e9gitime de la partie RESPONSABLE de: effectuer des \u00e9tudes de march\u00e9, analyse statistique, etc, et le traitement des commandes, demandes, etc, \u00e0 la demande de l&#039;UTILISATEUR.<\/li>\n<\/ul>\n<p><strong><span style=\"color: #123e9b;\">Combien de temps conservons-nous vos donn\u00e9es personnelles?<\/span><\/strong><br \/>Doivent \u00eatre conserv\u00e9es pour une dur\u00e9e n&#039;exc\u00e9dant pas celle n\u00e9cessaire pour maintenir la fin du traitement, ou il existe des dispositions l\u00e9gales qui r\u00e9gissent leur garde \u00e0 vue, et quand il n&#039;est plus n\u00e9cessaire de le faire, ils doivent \u00eatre supprim\u00e9s \u00e0 l&#039;aide de mesures de s\u00e9curit\u00e9 appropri\u00e9es pour assurer l&#039;anonymisation des donn\u00e9es ou de la destruction totale de la m\u00eame chose.<\/p>\n<p><span style=\"color: #123e9b;\"><strong>Qui partageons-nous vos donn\u00e9es personnelles?<\/strong><\/span><br \/>Il n&#039;y a pas de communication de donn\u00e9es personnelles \u00e0 des tiers, \u00e0 l&#039;exception, le cas \u00e9ch\u00e9ant, pour l&#039;\u00e9laboration et l&#039;ex\u00e9cution de l&#039;application du traitement, de nos fournisseurs de services li\u00e9s \u00e0 la communication, avec lequel le contr\u00f4leur a sign\u00e9 des accords de confidentialit\u00e9 et de la charge de traitement requis par la r\u00e9glementation en vigueur de la vie priv\u00e9e.<\/p>\n<p><strong><span style=\"color: #123e9b;\">Quels sont vos droits?<\/span><\/strong><br \/>Droits d&#039;aider l&#039;UTILISATEUR sont:<\/p>\n<ul>\n<li>Droit de retirer son consentement \u00e0 tout moment.<\/li>\n<li>Droit d&#039;acc\u00e8s, de rectification, de portabilit\u00e9 et de suppression de vos donn\u00e9es et la limitation ou l&#039;opposition \u00e0 votre traitement.<\/li>\n<li>Droit de d\u00e9poser une plainte aupr\u00e8s de l&#039;autorit\u00e9 de surveillance (www.aepd.es) si elle estime que le traitement n&#039;est pas conforme \u00e0 la r\u00e9glementation en vigueur.<\/li>\n<\/ul>\n<p><span style=\"color: #123e9b;\"><strong>Les donn\u00e9es de contact pour l&#039;exercice de vos droits:<\/strong><\/span><\/p>\n<p>Arrigal 11 S.L.. Avenida de Navacerrada, 4 28224 Pozuelo de Alarc\u00f3n Madrid Espa\u00f1a. E-mail: info@estarmejor.es.<\/p>\n<p><strong>2. CARACT\u00c8RE OBLIGATOIRE OU FACULTATIF DES INFORMATIONS FOURNIES PAR L&#039;UTILISATEUR<\/strong><br \/>Les UTILISATEURS, en cochant les cases correspondantes et en entrant les donn\u00e9es dans les champs marqu\u00e9s d&#039;un ast\u00e9risque (*) dans le formulaire de contact ou pr\u00e9sent\u00e9s dans le t\u00e9l\u00e9chargement de formulaires, de les accepter express\u00e9ment et librement et sans \u00e9quivoque, que leurs donn\u00e9es sont n\u00e9cessaires pour r\u00e9pondre \u00e0 votre demande, par le prestataire, sur la base du volontariat \u00e0 l&#039;inclusion de donn\u00e9es dans les autres domaines. L&#039;UTILISATEUR garantit que les donn\u00e9es personnelles fournies \u00e0 la personne RESPONSABLE est vrai et il est responsable de la communication de toute modification de celles-ci.<br \/>Le RESPONSABLE vous informe que toutes les donn\u00e9es demand\u00e9es par le biais du site web sont obligatoires, car ils sont n\u00e9cessaires pour la fourniture d&#039;un service optimal \u00e0 l&#039;UTILISATEUR. En cas de d\u00e9faut de fournir toutes les donn\u00e9es, il n&#039;est pas garanti que les informations et les services fournis soient compl\u00e8tement adapt\u00e9e \u00e0 vos besoins.<\/p>\n<p><strong>3. DES MESURES DE S\u00c9CURIT\u00c9<\/strong><\/p>\n<p>Conform\u00e9ment aux dispositions de la r\u00e9glementation actuelle sur la protection des donn\u00e9es personnelles, le RESPONSABLE est conforme \u00e0 toutes les dispositions du r\u00e8glement GDPR et LOPDGDD pour le traitement des donn\u00e9es \u00e0 caract\u00e8re personnel de sa responsabilit\u00e9, et manifestement avec les principes d\u00e9crits \u00e0 l&#039;article 5 de la GDPR, par lequel ils sont trait\u00e9s dans le licite, loyale et transparente par rapport \u00e0 la partie int\u00e9ress\u00e9e et ad\u00e9quates, pertinentes et limit\u00e9es \u00e0 ce qui est n\u00e9cessaire au regard des finalit\u00e9s pour lesquelles elles sont trait\u00e9es.<\/p>\n<p>Le RESPONSABLE des garanties qu&#039;il a mis en \u0153uvre des politiques organisationnelles et techniques appropri\u00e9es pour appliquer les mesures de s\u00e9curit\u00e9 \u00e9tablies par le GDPR et LOPDGDD afin de prot\u00e9ger les droits et les libert\u00e9s des UTILISATEURS, et a communiqu\u00e9 les renseignements appropri\u00e9s afin qu&#039;ils puissent les exercer.<br \/>Pour plus d&#039;informations sur les garanties de confidentialit\u00e9, vous pouvez contacter la t\u00eate \u00e0 travers Arrigal<br \/>11 S.L.. Avenida de Navacerrada, 4 28224 Pozuelo de Alarc\u00f3n Madrid Espa\u00f1a. E-mail: info@estarmejor.es<\/p>\t\t\t\t\t\t\t\t<\/div>\n\t\t\t\t<\/div>\n\t\t\t\t\t<\/div>\n\t\t\t\t<\/div>\n\t\t\t\t\t<\/div>\n\t\t\t\t<\/div>\n\t\t\t\t<\/div>","protected":false},"excerpt":{"rendered":"<p>Arrigal 11 S.L. WEB: Pol\u00edtica de PRIVACIDAD POL\u00cdTICA DE PRIVACIDAD 1. INFORMACI\u00d3N AL USUARIO \u00bfQui\u00e9n es el responsable del tratamiento [&hellip;]<\/p>","protected":false},"author":1,"featured_media":0,"parent":0,"menu_order":0,"comment_status":"closed","ping_status":"closed","template":"","meta":{"site-sidebar-layout":"no-sidebar","site-content-layout":"","ast-site-content-layout":"full-width-container","site-content-style":"default","site-sidebar-style":"default","ast-global-header-display":"","ast-banner-title-visibility":"","ast-main-header-display":"","ast-hfb-above-header-display":"","ast-hfb-below-header-display":"","ast-hfb-mobile-header-display":"","site-post-title":"disabled","ast-breadcrumbs-content":"","ast-featured-img":"disabled","footer-sml-layout":"","theme-transparent-header-meta":"","adv-header-id-meta":"","stick-header-meta":"","header-above-stick-meta":"","header-main-stick-meta":"","header-below-stick-meta":"","astra-migrate-meta-layouts":"default","ast-page-background-enabled":"default","ast-page-background-meta":{"desktop":{"background-color":"var(--ast-global-color-4)","background-image":"","background-repeat":"repeat","background-position":"center center","background-size":"auto","background-attachment":"scroll","background-type":"","background-media":"","overlay-type":"","overlay-color":"","overlay-opacity":"","overlay-gradient":""},"tablet":{"background-color":"","background-image":"","background-repeat":"repeat","background-position":"center center","background-size":"auto","background-attachment":"scroll","background-type":"","background-media":"","overlay-type":"","overlay-color":"","overlay-opacity":"","overlay-gradient":""},"mobile":{"background-color":"","background-image":"","background-repeat":"repeat","background-position":"center center","background-size":"auto","background-attachment":"scroll","background-type":"","background-media":"","overlay-type":"","overlay-color":"","overlay-opacity":"","overlay-gradient":""}},"ast-content-background-meta":{"desktop":{"background-color":"var(--ast-global-color-5)","background-image":"","background-repeat":"repeat","background-position":"center center","background-size":"auto","background-attachment":"scroll","background-type":"","background-media":"","overlay-type":"","overlay-color":"","overlay-opacity":"","overlay-gradient":""},"tablet":{"background-color":"var(--ast-global-color-5)","background-image":"","background-repeat":"repeat","background-position":"center center","background-size":"auto","background-attachment":"scroll","background-type":"","background-media":"","overlay-type":"","overlay-color":"","overlay-opacity":"","overlay-gradient":""},"mobile":{"background-color":"var(--ast-global-color-5)","background-image":"","background-repeat":"repeat","background-position":"center center","background-size":"auto","background-attachment":"scroll","background-type":"","background-media":"","overlay-type":"","overlay-color":"","overlay-opacity":"","overlay-gradient":""}},"_joinchat":[],"footnotes":""},"class_list":["post-2163","page","type-page","status-publish","hentry"],"_links":{"self":[{"href":"https:\/\/estarmejor.es\/fr\/wp-json\/wp\/v2\/pages\/2163","targetHints":{"allow":["GET"]}}],"collection":[{"href":"https:\/\/estarmejor.es\/fr\/wp-json\/wp\/v2\/pages"}],"about":[{"href":"https:\/\/estarmejor.es\/fr\/wp-json\/wp\/v2\/types\/page"}],"author":[{"embeddable":true,"href":"https:\/\/estarmejor.es\/fr\/wp-json\/wp\/v2\/users\/1"}],"replies":[{"embeddable":true,"href":"https:\/\/estarmejor.es\/fr\/wp-json\/wp\/v2\/comments?post=2163"}],"version-history":[{"count":6,"href":"https:\/\/estarmejor.es\/fr\/wp-json\/wp\/v2\/pages\/2163\/revisions"}],"predecessor-version":[{"id":2453,"href":"https:\/\/estarmejor.es\/fr\/wp-json\/wp\/v2\/pages\/2163\/revisions\/2453"}],"wp:attachment":[{"href":"https:\/\/estarmejor.es\/fr\/wp-json\/wp\/v2\/media?parent=2163"}],"curies":[{"name":"wp","href":"https:\/\/api.w.org\/{rel}","templated":true}]}}