{"id":2163,"date":"2024-03-25T14:21:45","date_gmt":"2024-03-25T14:21:45","guid":{"rendered":"https:\/\/ciudalia.dev\/estarmejor\/politica-de-privacidad\/"},"modified":"2025-05-03T00:30:08","modified_gmt":"2025-05-03T00:30:08","slug":"politica-de-privacidad","status":"publish","type":"page","link":"https:\/\/estarmejor.es\/it\/politica-de-privacidad\/","title":{"rendered":"Politica sulla Privacy"},"content":{"rendered":"<div data-elementor-type=\"wp-page\" data-elementor-id=\"2163\" class=\"elementor elementor-2163\" data-elementor-post-type=\"page\">\n\t\t\t\t<div class=\"elementor-element elementor-element-b33f3e8 e-flex e-con-boxed e-con e-parent\" data-id=\"b33f3e8\" data-element_type=\"container\">\n\t\t\t\t\t<div class=\"e-con-inner\">\n\t\t\t\t<div class=\"elementor-element elementor-element-621127b elementor-widget elementor-widget-text-editor\" data-id=\"621127b\" data-element_type=\"widget\" data-widget_type=\"text-editor.default\">\n\t\t\t\t<div class=\"elementor-widget-container\">\n\t\t\t\t\t\t\t\t\t<p><\/p><p>Arrigal 11 SL<\/p><hr \/><p><\/p><p><\/p>\t\t\t\t\t\t\t\t<\/div>\n\t\t\t\t<\/div>\n\t\t\t\t\t<\/div>\n\t\t\t\t<\/div>\n\t\t<div class=\"elementor-element elementor-element-fc7cbe5 e-flex e-con-boxed e-con e-child\" data-id=\"fc7cbe5\" data-element_type=\"container\">\n\t\t\t\t\t<div class=\"e-con-inner\">\n\t\t<div class=\"elementor-element elementor-element-0ede210 e-flex e-con-boxed e-con e-child\" data-id=\"0ede210\" data-element_type=\"container\" data-settings=\"{&quot;background_background&quot;:&quot;classic&quot;}\">\n\t\t\t\t\t<div class=\"e-con-inner\">\n\t\t\t\t<div class=\"elementor-element elementor-element-69dcdf3 elementor-widget elementor-widget-heading\" data-id=\"69dcdf3\" data-element_type=\"widget\" data-widget_type=\"heading.default\">\n\t\t\t\t<div class=\"elementor-widget-container\">\n\t\t\t\t\t<h2 class=\"elementor-heading-title elementor-size-default\">SITO web: PRIVACY Policy\n<\/h2>\t\t\t\t<\/div>\n\t\t\t\t<\/div>\n\t\t\t\t\t<\/div>\n\t\t\t\t<\/div>\n\t\t<div class=\"elementor-element elementor-element-8a11e5d e-flex e-con-boxed e-con e-child\" data-id=\"8a11e5d\" data-element_type=\"container\">\n\t\t\t\t\t<div class=\"e-con-inner\">\n\t\t\t\t<div class=\"elementor-element elementor-element-967dace elementor-widget elementor-widget-heading\" data-id=\"967dace\" data-element_type=\"widget\" data-widget_type=\"heading.default\">\n\t\t\t\t<div class=\"elementor-widget-container\">\n\t\t\t\t\t<h2 class=\"elementor-heading-title elementor-size-default\">POLITICA SULLA PRIVACY\n<\/h2>\t\t\t\t<\/div>\n\t\t\t\t<\/div>\n\t\t\t\t<div class=\"elementor-element elementor-element-c084f5b elementor-widget__width-inherit elementor-widget elementor-widget-text-editor\" data-id=\"c084f5b\" data-element_type=\"widget\" data-widget_type=\"text-editor.default\">\n\t\t\t\t<div class=\"elementor-widget-container\">\n\t\t\t\t\t\t\t\t\t<p><strong>1. INFORMAZIONI PER L&#039;UTENTE<\/strong><\/p>\n<p><strong><span style=\"color: #123e9b;\">Chi \u00e8 il responsabile per il trattamento dei tuoi dati personali?<\/span><\/strong><br \/>Arrigal 11 SL \u00e8 il RESPONSABILE per il trattamento dei dati personali dell&#039;UTENTE e la informa che tali dati verranno trattati in conformit\u00e0 con le disposizioni del Regolamento (UE) 2016\/679 del 27 aprile (GDPR) e la Legge Organica 3\/2018 del 5 dicembre (LOPDGDD).<br \/><strong><span style=\"color: #123e9b;\">Perch\u00e9 trattiamo i tuoi dati personali?<\/span><\/strong><\/p>\n<ul>\n<li>Per mantenere un rapporto commerciale con l&#039;utente. Le operazioni previste per effettuare il trattamento<br \/>essi sono:<br \/>Il rinvio di comunicazioni commerciali via e-mail, fax, SMS, MMS, social network o qualsiasi altro mezzo elettronico o mezzi fisici, presenti o futuri, che consente di comunicazione commerciale. Tali comunicazioni saranno rese dal titolare e saranno relative ai loro prodotti e servizi, o di suoi partner o fornitori, con i quali hanno raggiunto un accordo di promozione. In questo caso, i terzi non avr\u00e0 mai accesso ai dati personali.<\/li>\n<li>Condurre ricerche di mercato e analisi statistiche.<\/li>\n<li>Elaborazione ordini, richieste, rispondere alle vostre domande o qualsiasi tipo di richiesta effettuata dall&#039;UTENTE attraverso il form di contatto che sono resi disponibili sul sito internet del RESPONSABILE.<\/li>\n<li>Per inviare la newsletter online, su novit\u00e0, offerte e promozioni nelle nostre attivit\u00e0.<\/li>\n<\/ul>\n<p><strong><span style=\"color: #123e9b;\">Perch\u00e9 trattiamo i tuoi dati personali?<\/span><\/strong><br \/>Perch\u00e9 il trattamento \u00e8 legittimata dall&#039;articolo 6 della GDPR il seguente modulo:<\/p>\n<ul>\n<li>Con il consenso dell&#039;UTENTE: rinvio di comunicazioni commerciali e newsletter.<\/li>\n<li>Per il legittimo interesse di parte RESPONSABILE: eseguire ricerche di mercato, analisi statistiche, ecc, e l&#039;elaborazione degli ordini, richieste, ecc, su richiesta dell&#039;UTENTE.<\/li>\n<\/ul>\n<p><strong><span style=\"color: #123e9b;\">Per quanto tempo vengono conservati i dati personali?<\/span><\/strong><br \/>Saranno conservati per il tempo necessario mantenere il termine del trattamento, o ci sono requisiti di legge che impongono la loro custodia, e quando non \u00e8 pi\u00f9 necessario farlo, devono essere eliminati con adeguate misure di sicurezza per garantire la trasformazione in forma anonima dei dati o la distruzione totale della stessa.<\/p>\n<p><span style=\"color: #123e9b;\"><strong>Che non condividiamo i tuoi dati personali?<\/strong><\/span><br \/>Non c&#039;\u00e8 comunicazione dei dati personali a soggetti terzi, salvo, se necessario, per lo sviluppo e l&#039;esecuzione delle finalit\u00e0 del trattamento, ai nostri fornitori di servizi relativi alle comunicazioni, con la quale il titolare ha firmato gli accordi di riservatezza e responsabile del trattamento richiesto dalla normativa vigente sulla privacy.<\/p>\n<p><strong><span style=\"color: #123e9b;\">Quali sono i tuoi diritti?<\/span><\/strong><br \/>Diritti che assistono l&#039;UTENTE sono:<\/p>\n<ul>\n<li>Diritto di revocare il consenso in qualsiasi momento.<\/li>\n<li>Diritto di accesso, rettifica, la portabilit\u00e0 e la cancellazione dei vostri dati e la limitazione o l&#039;opposizione al trattamento.<\/li>\n<li>Diritto di proporre reclamo all&#039;autorit\u00e0 di controllo (www.aepd.es) se si considera che il trattamento non \u00e8 conforme alle normative in vigore.<\/li>\n<\/ul>\n<p><span style=\"color: #123e9b;\"><strong>I dati di contatto, per esercitare i propri diritti:<\/strong><\/span><\/p>\n<p>Arrigal 11 S.L.. Avenida de Navacerrada, 4 28224 Pozuelo de Alarc\u00f3n Madrid Espa\u00f1a. E-mail: info@estarmejor.es.<\/p>\n<p><strong>2. NATURA OBBLIGATORIA O FACOLTATIVA DEI DATI FORNITI DALL&#039;UTENTE<\/strong><br \/>Gli UTENTI, contrassegnando le caselle corrispondenti e l&#039;inserimento dei dati nei campi contrassegnati con un asterisco (*) nel modulo di contatto o scaricare i moduli, accettare, espressamente e liberamente e in modo inequivocabile, che i loro dati sono necessari per soddisfare la vostra richiesta, da parte del fornitore, essendo volontario, l&#039;inserimento dei dati nei campi rimanenti. L&#039;UTENTE garantisce che i dati personali forniti per la persona RESPONSABILE \u00e8 vero ed \u00e8 responsabile per la comunicazione di eventuali modifiche.<br \/>Il RESPONSABILE informa che tutti i dati richiesti attraverso il sito web di carattere obbligatorio, in quanto necessario per la fornitura di un servizio ottimale all&#039;UTENTE. In caso di mancato conferimento di tutti i dati, non \u00e8 garantito che le informazioni e i servizi forniti potranno essere adattate alle vostre esigenze.<\/p>\n<p><strong>3. MISURE DI SICUREZZA<\/strong><\/p>\n<p>In conformit\u00e0 con le disposizioni della normativa vigente in materia di protezione dei dati personali, il RESPONSABILE del rispetto di tutte le disposizioni del regolamento GDPR e LOPDGDD per il trattamento dei dati personali della propria responsabilit\u00e0, e palesemente con i principi di cui all&#039;articolo 5 del GDPR, da cui sono trattati in modo lecito, leale e trasparente, in relazione all&#039;interessato e adeguati, pertinenti e limitati al minimo necessario rispetto alle finalit\u00e0 per le quali vengono trattati.<\/p>\n<p>Il RESPONSABILE garantisce che egli ha attuato politiche e tecniche organizzative adeguate per applicare le misure di sicurezza stabilite da GDPR e LOPDGDD al fine di proteggere i diritti e le libert\u00e0 degli UTENTI e ha comunicato le informazioni appropriate in modo che possano esercitare la loro.<br \/>Per ulteriori informazioni sulle garanzie di privacy, \u00e8 possibile contattare la testa attraverso Arrigal<br \/>11 S.L.. Avenida de Navacerrada, 4 28224 Pozuelo de Alarc\u00f3n Madrid Espa\u00f1a. E-mail: info@estarmejor.es<\/p>\t\t\t\t\t\t\t\t<\/div>\n\t\t\t\t<\/div>\n\t\t\t\t\t<\/div>\n\t\t\t\t<\/div>\n\t\t\t\t\t<\/div>\n\t\t\t\t<\/div>\n\t\t\t\t<\/div>","protected":false},"excerpt":{"rendered":"<p>Arrigal 11 S.L. WEB: Pol\u00edtica de PRIVACIDAD POL\u00cdTICA DE PRIVACIDAD 1. INFORMACI\u00d3N AL USUARIO \u00bfQui\u00e9n es el responsable del tratamiento [&hellip;]<\/p>","protected":false},"author":1,"featured_media":0,"parent":0,"menu_order":0,"comment_status":"closed","ping_status":"closed","template":"","meta":{"site-sidebar-layout":"no-sidebar","site-content-layout":"","ast-site-content-layout":"full-width-container","site-content-style":"default","site-sidebar-style":"default","ast-global-header-display":"","ast-banner-title-visibility":"","ast-main-header-display":"","ast-hfb-above-header-display":"","ast-hfb-below-header-display":"","ast-hfb-mobile-header-display":"","site-post-title":"disabled","ast-breadcrumbs-content":"","ast-featured-img":"disabled","footer-sml-layout":"","theme-transparent-header-meta":"","adv-header-id-meta":"","stick-header-meta":"","header-above-stick-meta":"","header-main-stick-meta":"","header-below-stick-meta":"","astra-migrate-meta-layouts":"default","ast-page-background-enabled":"default","ast-page-background-meta":{"desktop":{"background-color":"var(--ast-global-color-4)","background-image":"","background-repeat":"repeat","background-position":"center center","background-size":"auto","background-attachment":"scroll","background-type":"","background-media":"","overlay-type":"","overlay-color":"","overlay-opacity":"","overlay-gradient":""},"tablet":{"background-color":"","background-image":"","background-repeat":"repeat","background-position":"center center","background-size":"auto","background-attachment":"scroll","background-type":"","background-media":"","overlay-type":"","overlay-color":"","overlay-opacity":"","overlay-gradient":""},"mobile":{"background-color":"","background-image":"","background-repeat":"repeat","background-position":"center center","background-size":"auto","background-attachment":"scroll","background-type":"","background-media":"","overlay-type":"","overlay-color":"","overlay-opacity":"","overlay-gradient":""}},"ast-content-background-meta":{"desktop":{"background-color":"var(--ast-global-color-5)","background-image":"","background-repeat":"repeat","background-position":"center center","background-size":"auto","background-attachment":"scroll","background-type":"","background-media":"","overlay-type":"","overlay-color":"","overlay-opacity":"","overlay-gradient":""},"tablet":{"background-color":"var(--ast-global-color-5)","background-image":"","background-repeat":"repeat","background-position":"center center","background-size":"auto","background-attachment":"scroll","background-type":"","background-media":"","overlay-type":"","overlay-color":"","overlay-opacity":"","overlay-gradient":""},"mobile":{"background-color":"var(--ast-global-color-5)","background-image":"","background-repeat":"repeat","background-position":"center center","background-size":"auto","background-attachment":"scroll","background-type":"","background-media":"","overlay-type":"","overlay-color":"","overlay-opacity":"","overlay-gradient":""}},"_joinchat":[],"footnotes":""},"class_list":["post-2163","page","type-page","status-publish","hentry"],"_links":{"self":[{"href":"https:\/\/estarmejor.es\/it\/wp-json\/wp\/v2\/pages\/2163","targetHints":{"allow":["GET"]}}],"collection":[{"href":"https:\/\/estarmejor.es\/it\/wp-json\/wp\/v2\/pages"}],"about":[{"href":"https:\/\/estarmejor.es\/it\/wp-json\/wp\/v2\/types\/page"}],"author":[{"embeddable":true,"href":"https:\/\/estarmejor.es\/it\/wp-json\/wp\/v2\/users\/1"}],"replies":[{"embeddable":true,"href":"https:\/\/estarmejor.es\/it\/wp-json\/wp\/v2\/comments?post=2163"}],"version-history":[{"count":6,"href":"https:\/\/estarmejor.es\/it\/wp-json\/wp\/v2\/pages\/2163\/revisions"}],"predecessor-version":[{"id":2453,"href":"https:\/\/estarmejor.es\/it\/wp-json\/wp\/v2\/pages\/2163\/revisions\/2453"}],"wp:attachment":[{"href":"https:\/\/estarmejor.es\/it\/wp-json\/wp\/v2\/media?parent=2163"}],"curies":[{"name":"wp","href":"https:\/\/api.w.org\/{rel}","templated":true}]}}