{"id":2162,"date":"2024-03-25T14:21:44","date_gmt":"2024-03-25T14:21:44","guid":{"rendered":"https:\/\/ciudalia.dev\/estarmejor\/aviso-legal\/"},"modified":"2025-05-03T00:35:51","modified_gmt":"2025-05-03T00:35:51","slug":"aviso-legal","status":"publish","type":"page","link":"https:\/\/estarmejor.es\/pt\/aviso-legal\/","title":{"rendered":"Aviso Legal"},"content":{"rendered":"<div data-elementor-type=\"wp-page\" data-elementor-id=\"2162\" class=\"elementor elementor-2162\" data-elementor-post-type=\"page\">\n\t\t\t\t<div class=\"elementor-element elementor-element-5c4e27a1 e-flex e-con-boxed e-con e-parent\" data-id=\"5c4e27a1\" data-element_type=\"container\">\n\t\t\t\t\t<div class=\"e-con-inner\">\n\t\t\t\t<div class=\"elementor-element elementor-element-3565f1e8 elementor-widget elementor-widget-text-editor\" data-id=\"3565f1e8\" data-element_type=\"widget\" data-widget_type=\"text-editor.default\">\n\t\t\t\t<div class=\"elementor-widget-container\">\n\t\t\t\t\t\t\t\t\t<p><\/p><p>Arrigal 11 S.L.<\/p><hr \/><p><\/p><p><\/p>\t\t\t\t\t\t\t\t<\/div>\n\t\t\t\t<\/div>\n\t\t<div class=\"elementor-element elementor-element-a911671 e-flex e-con-boxed e-con e-child\" data-id=\"a911671\" data-element_type=\"container\">\n\t\t\t\t\t<div class=\"e-con-inner\">\n\t\t<div class=\"elementor-element elementor-element-ae78387 e-flex e-con-boxed e-con e-child\" data-id=\"ae78387\" data-element_type=\"container\" data-settings=\"{&quot;background_background&quot;:&quot;classic&quot;}\">\n\t\t\t\t\t<div class=\"e-con-inner\">\n\t\t\t\t<div class=\"elementor-element elementor-element-6346770 elementor-widget elementor-widget-heading\" data-id=\"6346770\" data-element_type=\"widget\" data-widget_type=\"heading.default\">\n\t\t\t\t<div class=\"elementor-widget-container\">\n\t\t\t\t\t<h2 class=\"elementor-heading-title elementor-size-default\">SITE: Aviso legal<\/h2>\t\t\t\t<\/div>\n\t\t\t\t<\/div>\n\t\t\t\t\t<\/div>\n\t\t\t\t<\/div>\n\t\t<div class=\"elementor-element elementor-element-37e0255 e-flex e-con-boxed e-con e-child\" data-id=\"37e0255\" data-element_type=\"container\">\n\t\t\t\t\t<div class=\"e-con-inner\">\n\t\t\t\t<div class=\"elementor-element elementor-element-834254f elementor-widget elementor-widget-heading\" data-id=\"834254f\" data-element_type=\"widget\" data-widget_type=\"heading.default\">\n\t\t\t\t<div class=\"elementor-widget-container\">\n\t\t\t\t\t<h2 class=\"elementor-heading-title elementor-size-default\">LEI DE SERVI\u00c7OS DA SOCIEDADE DA INFORMA\u00c7\u00c3O (LSSI)<\/h2>\t\t\t\t<\/div>\n\t\t\t\t<\/div>\n\t\t\t\t<div class=\"elementor-element elementor-element-eeca1c5 elementor-widget__width-inherit elementor-widget elementor-widget-text-editor\" data-id=\"eeca1c5\" data-element_type=\"widget\" data-widget_type=\"text-editor.default\">\n\t\t\t\t<div class=\"elementor-widget-container\">\n\t\t\t\t\t\t\t\t\t<p>Arrigal 11 S.L., respons\u00e1vel pelo site, doravante RESPONS\u00c1VEL, coloca \u00e0 disposi\u00e7\u00e3o dos utilizadores do presente documento, com o qual pretende dar cumprimento \u00e0s obriga\u00e7\u00f5es dispostas na Lei 34\/2002, de 11 de julho, de Servi\u00e7os da Sociedade da Informa\u00e7\u00e3o e de Com\u00e9rcio Electr\u00f3nico (LSSICE), BOE n\u00ba 166, bem como para informar a todos os usu\u00e1rios do site em rela\u00e7\u00e3o a quais s\u00e3o as condi\u00e7\u00f5es de uso.<\/p>\n<p>Qualquer pessoa que aceda a este site assume o papel de usu\u00e1rio, comprometendo-se \u00e0 observ\u00e2ncia e ao cumprimento rigoroso das disposi\u00e7\u00f5es aqui dispostas, bem como a qualquer outra disposi\u00e7\u00e3o legal que fora de aplica\u00e7\u00e3o.<\/p>\n<p>Arrigal 11 S.L. se reserva o direito de alterar qualquer tipo de informa\u00e7\u00e3o que possa aparecer no site, sem que exista obriga\u00e7\u00e3o de aviso pr\u00e9vio ou dar conhecimento aos usu\u00e1rios de tais<br \/>obriga\u00e7\u00f5es, entendendo-se como suficiente a publica\u00e7\u00e3o no site do Arrigal 11 S. L..<\/p>\n<p><strong>1. DADOS DE IDENTIFICA\u00c7\u00c3O<\/strong><br \/>Nome de dom\u00ednio: estarmejor.\u00e9<br \/>Nome comercial: Arrigal 11 S.L.<br \/>Denomina\u00e7\u00e3o social: Arrigal 11 S.L.<br \/>NIF: B13871504<br \/>Domicilio social: Avenida de Navacerrada, 4 28224 Pozuelo de Alarc\u00f3n Madrid Espa\u00f1a.<br \/>Telefone: 655814955<br \/>E-mail: info@estarmejor.es<\/p>\n<p><strong>2. DIREITOS DE PROPRIEDADE INTELECTUAL E INDUSTRIAL<\/strong><br \/>O site, incluindo, a t\u00edtulo enunciativo mas n\u00e3o limitativo, a sua programa\u00e7\u00e3o, edi\u00e7\u00e3o, compila\u00e7\u00e3o e demais elementos necess\u00e1rios para o seu funcionamento, desenhos, logotipos, texto e\/ou gr\u00e1ficos, s\u00e3o de propriedade do RESPONS\u00c1VEL, ou, se for o caso, disp\u00f5e de licen\u00e7a ou de autoriza\u00e7\u00e3o expressa por parte dos autores. Todos os conte\u00fados do site est\u00e3o devidamente protegidos pela legisla\u00e7\u00e3o de propriedade intelectual e industrial, bem como inscritos nos registros p\u00fablicos correspondentes.<br \/>Independentemente da finalidade para a qual foram destinados, a reprodu\u00e7\u00e3o total ou parcial, uso, explora\u00e7\u00e3o, distribui\u00e7\u00e3o e comercializa\u00e7\u00e3o, requer, em qualquer caso, a autoriza\u00e7\u00e3o pr\u00e9via por parte do RESPONS\u00c1VEL. Qualquer uso n\u00e3o autorizado \u00e9 considerado uma grave viola\u00e7\u00e3o dos direitos de propriedade intelectual ou industrial do autor.<br \/>Os desenhos, logotipos, texto e\/ou gr\u00e1ficos estranhos ao RESPONS\u00c1VEL e que possam aparecer neste s\u00edtio web pertencem a seus respectivos propriet\u00e1rios, sendo eles mesmos respons\u00e1veis de qualquer poss\u00edvel controv\u00e9rsia que possa surgir a respeito dos mesmos. O RESPONS\u00c1VEL autoriza expressamente que terceiros possam redirecionar diretamente a determinados conte\u00fados do s\u00edtio web, e em todo caso redirecionar para o site principal qr.cuidalia.com.<br \/>O RESPONS\u00c1VEL reconhece a favor de seus titulares os correspondentes direitos de propriedade intelectual e industrial, n\u00e3o implicando a sua men\u00e7\u00e3o ou apari\u00e7\u00e3o no site a exist\u00eancia de direitos ou responsabilidade alguma sobre os mesmos, como tamb\u00e9m n\u00e3o apoio, patroc\u00ednio ou recomenda\u00e7\u00e3o por parte do mesmo.<br \/>Para realizar qualquer tipo de observa\u00e7\u00e3o em rela\u00e7\u00e3o a poss\u00edveis viola\u00e7\u00f5es dos direitos de propriedade intelectual ou industrial, bem como sobre qualquer dos conte\u00fados do site, pode faz\u00ea-lo atrav\u00e9s do e-mail infoestarmejor.\u00e9<\/p>\n<p><strong>3. ISEN\u00c7\u00c3O DE RESPONSABILIDADES<\/strong><br \/>O RESPONS\u00c1VEL exime-se de qualquer tipo de responsabilidade derivada da informa\u00e7\u00e3o publicada em seu site da web, sempre que n\u00e3o tenha conhecimento efetivo de que esta informa\u00e7\u00e3o tenha sido alterado ou introduzido por um terceiro alheio ao mesmo, ou, se o tem, tenha agido com dilig\u00eancia para retirar os dados ou tornar imposs\u00edvel o acesso a eles.<br \/><strong>Utiliza\u00e7\u00e3o de Cookies<\/strong><br \/>Este site pode utilizar cookies t\u00e9cnicas (pequenos ficheiros de informa\u00e7\u00e3o que o servidor envia para o computador de quem acessa a p\u00e1gina) para levar a cabo determinadas fun\u00e7\u00f5es que s\u00e3o consideradas essenciais para o correto funcionamento e visualiza\u00e7\u00e3o do site. Os cookies utilizados s\u00e3o, em qualquer caso, o car\u00e1ter tempor\u00e1rio, com a finalidade de tornar mais eficiente a navega\u00e7\u00e3o, e desaparecem ao terminar a sess\u00e3o do utilizador. Em nenhum caso, estes cookies fornecem por si mesmas dados de car\u00e1ter pessoal e n\u00e3o podem ser utilizados para a recolha dos mesmos.<br \/>Com o uso de cookies tamb\u00e9m \u00e9 poss\u00edvel que o servidor onde est\u00e1 o site reconhece o navegador utilizado pelo usu\u00e1rio, com a finalidade de que a navega\u00e7\u00e3o seja mais simples, permitindo, por exemplo, o acesso dos usu\u00e1rios que tenham se registrado anteriormente a \u00e1reas, servi\u00e7os, promo\u00e7\u00f5es ou concursos reservados exclusivamente a eles sem ter que registrar-se em cada visita.<br \/>Tamb\u00e9m se podem usar para medir a audi\u00eancia, par\u00e2metros de tr\u00e1fego, controlar o progresso e o n\u00famero de bilhetes, etc., sendo nestes casos cookies dispens\u00e1vel tecnicamente, mas ben\u00e9ficas para o usu\u00e1rio. Este site n\u00e3o instalado cookies prescind\u00edveis sem o consentimento pr\u00e9vio do usu\u00e1rio.<br \/>Este site utiliza cookies pr\u00f3prias e de terceiros, para fins anal\u00edticos e para lhe mostrar an\u00fancios personalizados com base em um perfil elaborado a partir de seus h\u00e1bitos de navega\u00e7\u00e3o (por exemplo, p\u00e1ginas visitadas). Qualquer utilizador que visite o site informa-se do uso de cookies atrav\u00e9s de um banner flutuante. No caso de aceitar a sua utiliza\u00e7\u00e3o, o banner ir\u00e1 desaparecer, mas em todo momento<br \/>voc\u00ea pode revogar o consentimento e obter mais informa\u00e7\u00f5es consultando a nossa Pol\u00edtica de cookies.<br \/>O usu\u00e1rio tem a possibilidade de configurar seu navegador para ser avisado da recep\u00e7\u00e3o de cookies e para impedir a sua instala\u00e7\u00e3o no seu computador. Por favor, consulte as instru\u00e7\u00f5es do seu navegador<br \/>ampliar esta informa\u00e7\u00e3o.<br \/><strong>Pol\u00edtica de links<\/strong><br \/>No site, \u00e9 poss\u00edvel que se redirecione a conte\u00fados de p\u00e1ginas web de terceiros. Uma vez que o RESPONS\u00c1VEL n\u00e3o pode controlar sempre os conte\u00fados inseridos por terceiros em seus respectivos sites, n\u00e3o assume nenhum tipo de responsabilidade relativamente a tais conte\u00fados. Em todo o caso, proceder\u00e1 a retirada imediata de qualquer conte\u00fado que possa violar a legisla\u00e7\u00e3o nacional ou internacional, a moral ou a ordem p\u00fablica, procedendo \u00e0 retirada imediata de redirecionamento para o site, dando conhecimento \u00e0s autoridades competentes o conte\u00fado em quest\u00e3o.<br \/>O RESPONS\u00c1VEL n\u00e3o se responsabiliza pelas informa\u00e7\u00f5es e conte\u00fados armazenados, a t\u00edtulo enunciativo mas n\u00e3o limitativo, em f\u00f3runs, chats, geradores de blogs, coment\u00e1rios, redes sociais ou qualquer outro meio que permita a terceiros publicar conte\u00fado de forma independente na p\u00e1gina web do RESPONS\u00c1VEL. No entanto, e em cumprimento do disposto nos artigos 11 e 16 da LSSICE, se p\u00f5e \u00e0 disposi\u00e7\u00e3o de todos os usu\u00e1rios, autoridades e for\u00e7as de seguran\u00e7a, colaborando de forma ativa na retirada ou, no seu caso, o bloqueio de todos aqueles conte\u00fados que possam violar a legisla\u00e7\u00e3o nacional ou internacional, os direitos de terceiros ou a moral e a ordem p\u00fablica. No caso de que o usu\u00e1rio considere que existe no site algum conte\u00fado que possa ser suscept\u00edvel de esta classifica\u00e7\u00e3o, pede-se notificar de forma imediata ao administrador do site.<br \/>Este site foi revisado e testado para funcionar corretamente. Em princ\u00edpio, pode-se garantir o correto funcionamento dos 365 dias do ano, 24 horas por dia. No entanto, o RESPONS\u00c1VEL n\u00e3o descarta a possibilidade de que existam certos erros de programa\u00e7\u00e3o, ou advindos de causas de for\u00e7a maior, cat\u00e1strofes naturais, greves ou circunst\u00e2ncias semelhantes que tornem imposs\u00edvel o acesso a p\u00e1gina web.<br \/><strong>Endere\u00e7os IP<\/strong><br \/>Os servidores do site poder\u00e3o detectar de forma autom\u00e1tica o endere\u00e7o IP e o nome de dom\u00ednio utilizados pelo usu\u00e1rio. Um endere\u00e7o IP \u00e9 um n\u00famero atribu\u00eddo automaticamente a um computador quando este se conecta \u00e0 Internet. Todas essas informa\u00e7\u00f5es s\u00e3o gravadas em um arquivo de atividade do servidor, devidamente inscrito, que permite o posterior processamento dos dados com o fim de obter medi\u00e7\u00f5es estat\u00edsticas que permitam conhecer o n\u00famero de impress\u00f5es de p\u00e1ginas, o n\u00famero de visitas realizadas para os servidores web, a ordem das visitas, o ponto de acesso, etc.<br \/><strong>4. LEI APLIC\u00c1VEL E JURISDI\u00c7\u00c3O<\/strong><br \/>Para a resolu\u00e7\u00e3o de todas as controv\u00e9rsias ou quest\u00f5es relacionadas com o presente s\u00edtio web ou das atividades nele desenvolvidas, ser\u00e1 de aplica\u00e7\u00e3o a legisla\u00e7\u00e3o espanhola, a que se submetem expressamente as partes, sendo competentes para a resolu\u00e7\u00e3o de todos os conflitos derivados ou relacionados com o uso dos Julgados e Tribunais do domicilio do UTILIZADOR ou o lugar de cumprimento da obriga\u00e7\u00e3o.<\/p>\t\t\t\t\t\t\t\t<\/div>\n\t\t\t\t<\/div>\n\t\t\t\t\t<\/div>\n\t\t\t\t<\/div>\n\t\t\t\t\t<\/div>\n\t\t\t\t<\/div>\n\t\t\t\t\t<\/div>\n\t\t\t\t<\/div>\n\t\t<div class=\"elementor-element elementor-element-a408a06 e-flex e-con-boxed e-con e-parent\" data-id=\"a408a06\" data-element_type=\"container\">\n\t\t\t\t\t<div class=\"e-con-inner\">\n\t\t\t\t<div class=\"elementor-element elementor-element-6281652 elementor-widget elementor-widget-shortcode\" data-id=\"6281652\" data-element_type=\"widget\" data-widget_type=\"shortcode.default\">\n\t\t\t\t<div class=\"elementor-widget-container\">\n\t\t\t\t\t\t\t<div class=\"elementor-shortcode\">\n<h2>Identificaci\u00f3n y Titularidad<\/h2>\n\n<p>\n\t\tEn cumplimiento del art\u00edculo 10 de la Ley 34\/2002, de 11 de julio, de Servicios de la Sociedad de la Informaci\u00f3n y Comercio Electr\u00f3nico, el Titular expone sus datos identificativos:\n<\/p>\n\n<p>\n\t<ul>\t\t\n\t\t<li>\n\t\t\t<b>Titular:<\/b>&nbsp;\t\t\n\t\t\tArrigal 11 SL.\n\t\t\t\n\t\t<\/li>\n\t\t\n\t\t<li>\n\t\t\t<b>CPF:<\/b>&nbsp;B13871504\n\t\t\t\n\t\t\t<br\/>\n\t\t\tInscrita no registo comercial de Madrid, tomo , livro , sec\u00e7\u00e3o , p\u00e1gina , folha de inscri\u00e7\u00e3o .\n\t\t\t\n\t\t<\/li>\n\n\n\t\t<li>\n\t\t\t<b>Domicilio:<\/b>&nbsp;\n\t\t\t  - Portugal.\n\t\t<\/li>\n\t\t\n\t\t<li>\n\t\t\t<b>Correo electr\u00f3nico:<\/b>&nbsp;\n\t\t\tInfo@estarmejor.es\n\t\t<\/li>\n\t\t\n\t\t<li>\n\t\t\t<b>Tel\u00e9fono de contacto:<\/b>&nbsp;\n\t\t\t+34 655 81 49 55\n\t\t<\/li>\n\n\t\t<li>\n\t\t\t<b>Sitio Web:<\/b>&nbsp;\n\t\t\t<a href=\"https:\/\/estarmejor.es\/pt\/\">https:\/\/estarmejor.es<\/a>\n\t\t<\/li>\n\t<\/ul>\n<\/p>\n\n\n\n<h2>Condiciones de Uso<\/h2>\n<p>\n\tLa utilizaci\u00f3n del Sitio Web le otorga la condici\u00f3n de Usuario, e implica la aceptaci\u00f3n completa de todas las cl\u00e1usulas y condiciones de uso incluidas en las p\u00e1ginas:\n\t<ul>\t\t\n\t\t<li><a href=\"\">Aviso Legal<\/a><\/li>\n\t\t\n\t\t<li><a href=\"https:\/\/estarmejor.es\/pt\/politica-de-cookies\/\">Pol\u00edtica de Cookies<\/a><\/li>\n\t<\/ul>\t\n<\/p>\n\n<p>\n\tSi no estuviera conforme con todas y cada una de estas cl\u00e1usulas y condiciones abst\u00e9ngase de utilizar el Sitio Web.\n<\/p>\n\n<p>\t\n\tEl acceso al Sitio Web no supone, en modo alguno, el inicio de una relaci\u00f3n comercial con el Titular.\n<\/p>\n\n<p>\t\n\tA trav\u00e9s del Sitio Web, el Titular le facilita el acceso y la utilizaci\u00f3n de diversos contenidos que el Titular y\/o sus colaboradores han publicado por medio de Internet.\n<\/p>\n\n<p>\n\tA tal efecto, est\u00e1 obligado y comprometido a NO utilizar cualquiera de los contenidos del Sitio Web con fines o efectos il\u00edcitos, prohibidos en este Aviso Legal o por la legislaci\u00f3n vigente, lesivos de los derechos e intereses de terceros, o que de cualquier forma puedan da\u00f1ar, inutilizar, sobrecargar, deteriorar o impedir la normal utilizaci\u00f3n de los contenidos, los equipos inform\u00e1ticos o los documentos, archivos y toda clase de contenidos almacenados en cualquier equipo inform\u00e1tico propios o contratados por el Titular, de otros usuarios o de cualquier usuario de Internet.\n<\/p>\n\n\n\n\n\n\n<h2>Medidas de seguridad<\/h2>\n<p>\n\tLos datos personales que facilite al Titular pueden ser almacenados en bases de datos automatizadas o no, cuya titularidad corresponde en exclusiva al Titular, que asume todas las medidas de \u00edndole t\u00e9cnica, organizativa y de seguridad que garantizan la confidencialidad, integridad y calidad de la informaci\u00f3n contenida en las mismas de acuerdo con lo establecido en la normativa vigente en protecci\u00f3n de datos.\n<\/p>\n<p>\n\tNo obstante, debe ser consciente de que las medidas de seguridad de los sistemas inform\u00e1ticos en Internet no son enteramente fiables y que, por tanto el Titular no puede garantizar la inexistencia de virus u otros elementos que puedan producir alteraciones en los sistemas inform\u00e1ticos (software y hardware) del Usuario o en sus documentos electr\u00f3nicos y ficheros contenidos en los mismos aunque el Titular pone todos los medios necesarios y toma las medidas de seguridad oportunas para evitar la presencia de estos elementos da\u00f1inos.\n<\/p>\n\n\n\n<h2>Contenidos<\/h2>\n<p>\n\tEl Titular ha obtenido la informaci\u00f3n, el contenido multimedia y los materiales incluidos en el Sitio Web de fuentes que considera fiables, pero, si bien ha tomado todas las medidas razonables para asegurar que la informaci\u00f3n contenida es correcta, el Titular no garantiza que sea exacta, completa o actualizada. El Titular declina expresamente cualquier responsabilidad por error u omisi\u00f3n en la informaci\u00f3n contenida en las p\u00e1ginas del Sitio Web.\n<\/p>\n\n<p>\n\tQueda prohibido transmitir o enviar a trav\u00e9s del Sitio Web cualquier contenido ilegal o il\u00edcito, virus inform\u00e1ticos, o mensajes que, en general, afecten o violen derechos del Titular o de terceros.\n<\/p>\n\n<p>\n\tLos contenidos del Sitio Web tienen \u00fanicamente una finalidad informativa y bajo ninguna circunstancia deben usarse ni considerarse como oferta de venta, solicitud de una oferta de compra ni recomendaci\u00f3n para realizar cualquier otra operaci\u00f3n, salvo que as\u00ed se indique expresamente.\n<\/p>\n\n<p>\n\tEl Titular se reserva el derecho a modificar, suspender, cancelar o restringir el contenido del Sitio Web, los v\u00ednculos o la informaci\u00f3n obtenida a trav\u00e9s del Sitio Web, sin necesidad de previo aviso.\n<\/p>\n\n<p>\n\tEl Titular\u00a0no es responsable de los da\u00f1os y perjuicios que pudieran derivarse de la utilizaci\u00f3n de la informaci\u00f3n del Sitio Web.\n<\/p>\n\n\n<h2>Pol\u00edtica de cookies<\/h2>\n<p>\n\tPuede consultar toda la informaci\u00f3n relativa a la pol\u00edtica de recogida y tratamiento de las cookies en la p\u00e1gina de  <a href=\"https:\/\/estarmejor.es\/pt\/politica-de-cookies\/\">Pol\u00edtica de Cookies<\/a>.\n<\/p>\n\n\n<h2>Enlaces a otros sitios Web<\/h2>\n<p>\n\tEl Titular puede proporcionarle acceso a sitios Web de terceros mediante enlaces con la finalidad exclusiva de informar sobre la existencia de otras fuentes de informaci\u00f3n en Internet en las que podr\u00e1 ampliar los datos ofrecidos en el Sitio Web.\n<\/p>\n\n<p>\t\n\tEstos enlaces a otros sitios Web no suponen en ning\u00fan caso una sugerencia o recomendaci\u00f3n para que usted visite las p\u00e1ginas web de destino, que est\u00e1n fuera del control del Titular, por lo que el Titular no es responsable del contenido de los sitios web vinculados ni del resultado que obtenga al seguir los enlaces.\n\tAsimismo, el Titular no responde de los links o enlaces ubicados en los sitios web vinculados a los que le proporciona acceso.\n<\/p>\n\n<p>\n\tEl establecimiento del enlace no implica en ning\u00fan caso la existencia de relaciones entre el Titular y el propietario del sitio en el que se establezca el enlace, ni la aceptaci\u00f3n o aprobaci\u00f3n por parte del Titular de sus contenidos o servicios.\n<\/p>\n\n<p>\t\n\tSi accede a un sitio web externo desde un enlace que encuentre en el Sitio Web usted deber\u00e1 leer la propia pol\u00edtica de privacidad del otro sitio web que puede ser diferente de la de este sitio Web.\n<\/p>\n\n\n\n<h2>Propiedad intelectual e industrial<\/h2>\n<p>\n\tTodos los derechos est\u00e1n reservados.\n<\/p>\n<p>\n\tTodo acceso a este Sitio Web est\u00e1 sujeto a las siguientes condiciones: la reproducci\u00f3n, almacenaje permanente y la difusi\u00f3n de los contenidos o cualquier otro uso que tenga finalidad p\u00fablica o comercial queda expresamente prohibida sin el consentimiento previo expreso y por escrito del Titular.\n<\/p>\n\n\n<h2>Limitaci\u00f3n de responsabilidad<\/h2>\n<p>\n\tLa informaci\u00f3n y servicios incluidos o disponibles a trav\u00e9s del Sitio Web pueden incluir incorrecciones o errores tipogr\u00e1ficos. De forma peri\u00f3dica el Titular incorpora mejoras y\/o cambios a la informaci\u00f3n contenida y\/o los Servicios que puede introducir en cualquier momento.\n<\/p>\n<p>\n\tEl Titular no declara ni garantiza que los servicios o contenidos sean interrumpidos o que est\u00e9n libres de errores, que los defectos sean corregidos, o que el servicio o el servidor que lo pone a disposici\u00f3n est\u00e9n libres de virus u otros componentes nocivos sin perjuicio de que el Titular realiza todos los esfuerzos en evitar este tipo de incidentes.\n<\/p>\n<p>\n\tEl Titular declina cualquier responsabilidad en caso de que existan interrupciones o un mal funcionamiento de los Servicios o contenidos ofrecidos en Internet, cualquiera que sea su causa. Asimismo, el Titular no se hace responsable por ca\u00eddas de la red, p\u00e9rdidas de negocio a consecuencia de dichas ca\u00eddas, suspensiones temporales de fluido el\u00e9ctrico o cualquier otro tipo de da\u00f1o indirecto que te pueda ser causado por causas ajenas a el Titular.\n<\/p>\n<p>\n\tAntes de tomar decisiones y\/o acciones con base a la informaci\u00f3n incluida en el Sitio Web, el Titular le recomienda comprobar y contrastar la informaci\u00f3n recibida con otras fuentes.\n<\/p>\n\n\n\n<h2>Jurisdicci\u00f3n<\/h2>\n<p>\t\n\tEste Aviso Legal se rige \u00edntegramente por la legislaci\u00f3n espa\u00f1ola.\n<\/p>\n\n\n<h2>Contacto<\/h2>\n<p>\t\n\tEn caso de que usted tenga cualquier duda acerca de este Aviso Legal o quiera realizar cualquier comentario sobre el Sitio Web, puede enviar un mensaje de correo electr\u00f3nico a la direcci\u00f3n: Info@estarmejor.es\n<\/p>\n<\/div>\n\t\t\t\t\t\t<\/div>\n\t\t\t\t<\/div>\n\t\t\t\t\t<\/div>\n\t\t\t\t<\/div>\n\t\t\t\t<\/div>","protected":false},"excerpt":{"rendered":"<p>Arrigal 11 S.L. WEB: Aviso legal LEY DE LOS SERVICIOS DE LA SOCIEDAD DE LA INFORMACI\u00d3N (LSSI) Arrigal 11 S.L., [&hellip;]<\/p>","protected":false},"author":1,"featured_media":0,"parent":0,"menu_order":0,"comment_status":"closed","ping_status":"closed","template":"","meta":{"site-sidebar-layout":"no-sidebar","site-content-layout":"","ast-site-content-layout":"full-width-container","site-content-style":"default","site-sidebar-style":"default","ast-global-header-display":"","ast-banner-title-visibility":"","ast-main-header-display":"","ast-hfb-above-header-display":"","ast-hfb-below-header-display":"","ast-hfb-mobile-header-display":"","site-post-title":"disabled","ast-breadcrumbs-content":"","ast-featured-img":"disabled","footer-sml-layout":"","theme-transparent-header-meta":"","adv-header-id-meta":"","stick-header-meta":"","header-above-stick-meta":"","header-main-stick-meta":"","header-below-stick-meta":"","astra-migrate-meta-layouts":"default","ast-page-background-enabled":"default","ast-page-background-meta":{"desktop":{"background-color":"var(--ast-global-color-4)","background-image":"","background-repeat":"repeat","background-position":"center center","background-size":"auto","background-attachment":"scroll","background-type":"","background-media":"","overlay-type":"","overlay-color":"","overlay-opacity":"","overlay-gradient":""},"tablet":{"background-color":"","background-image":"","background-repeat":"repeat","background-position":"center center","background-size":"auto","background-attachment":"scroll","background-type":"","background-media":"","overlay-type":"","overlay-color":"","overlay-opacity":"","overlay-gradient":""},"mobile":{"background-color":"","background-image":"","background-repeat":"repeat","background-position":"center center","background-size":"auto","background-attachment":"scroll","background-type":"","background-media":"","overlay-type":"","overlay-color":"","overlay-opacity":"","overlay-gradient":""}},"ast-content-background-meta":{"desktop":{"background-color":"var(--ast-global-color-5)","background-image":"","background-repeat":"repeat","background-position":"center center","background-size":"auto","background-attachment":"scroll","background-type":"","background-media":"","overlay-type":"","overlay-color":"","overlay-opacity":"","overlay-gradient":""},"tablet":{"background-color":"var(--ast-global-color-5)","background-image":"","background-repeat":"repeat","background-position":"center center","background-size":"auto","background-attachment":"scroll","background-type":"","background-media":"","overlay-type":"","overlay-color":"","overlay-opacity":"","overlay-gradient":""},"mobile":{"background-color":"var(--ast-global-color-5)","background-image":"","background-repeat":"repeat","background-position":"center center","background-size":"auto","background-attachment":"scroll","background-type":"","background-media":"","overlay-type":"","overlay-color":"","overlay-opacity":"","overlay-gradient":""}},"_joinchat":[],"footnotes":""},"class_list":["post-2162","page","type-page","status-publish","hentry"],"_links":{"self":[{"href":"https:\/\/estarmejor.es\/pt\/wp-json\/wp\/v2\/pages\/2162","targetHints":{"allow":["GET"]}}],"collection":[{"href":"https:\/\/estarmejor.es\/pt\/wp-json\/wp\/v2\/pages"}],"about":[{"href":"https:\/\/estarmejor.es\/pt\/wp-json\/wp\/v2\/types\/page"}],"author":[{"embeddable":true,"href":"https:\/\/estarmejor.es\/pt\/wp-json\/wp\/v2\/users\/1"}],"replies":[{"embeddable":true,"href":"https:\/\/estarmejor.es\/pt\/wp-json\/wp\/v2\/comments?post=2162"}],"version-history":[{"count":29,"href":"https:\/\/estarmejor.es\/pt\/wp-json\/wp\/v2\/pages\/2162\/revisions"}],"predecessor-version":[{"id":2457,"href":"https:\/\/estarmejor.es\/pt\/wp-json\/wp\/v2\/pages\/2162\/revisions\/2457"}],"wp:attachment":[{"href":"https:\/\/estarmejor.es\/pt\/wp-json\/wp\/v2\/media?parent=2162"}],"curies":[{"name":"wp","href":"https:\/\/api.w.org\/{rel}","templated":true}]}}