{"id":2163,"date":"2024-03-25T14:21:45","date_gmt":"2024-03-25T14:21:45","guid":{"rendered":"https:\/\/ciudalia.dev\/estarmejor\/politica-de-privacidad\/"},"modified":"2025-05-03T00:30:08","modified_gmt":"2025-05-03T00:30:08","slug":"politica-de-privacidad","status":"publish","type":"page","link":"https:\/\/estarmejor.es\/pt\/politica-de-privacidad\/","title":{"rendered":"Pol\u00edtica de Privacidade"},"content":{"rendered":"<div data-elementor-type=\"wp-page\" data-elementor-id=\"2163\" class=\"elementor elementor-2163\" data-elementor-post-type=\"page\">\n\t\t\t\t<div class=\"elementor-element elementor-element-b33f3e8 e-flex e-con-boxed e-con e-parent\" data-id=\"b33f3e8\" data-element_type=\"container\">\n\t\t\t\t\t<div class=\"e-con-inner\">\n\t\t\t\t<div class=\"elementor-element elementor-element-621127b elementor-widget elementor-widget-text-editor\" data-id=\"621127b\" data-element_type=\"widget\" data-widget_type=\"text-editor.default\">\n\t\t\t\t<div class=\"elementor-widget-container\">\n\t\t\t\t\t\t\t\t\t<p><\/p><p>Arrigal 11 S.L.<\/p><hr \/><p><\/p><p><\/p>\t\t\t\t\t\t\t\t<\/div>\n\t\t\t\t<\/div>\n\t\t\t\t\t<\/div>\n\t\t\t\t<\/div>\n\t\t<div class=\"elementor-element elementor-element-fc7cbe5 e-flex e-con-boxed e-con e-child\" data-id=\"fc7cbe5\" data-element_type=\"container\">\n\t\t\t\t\t<div class=\"e-con-inner\">\n\t\t<div class=\"elementor-element elementor-element-0ede210 e-flex e-con-boxed e-con e-child\" data-id=\"0ede210\" data-element_type=\"container\" data-settings=\"{&quot;background_background&quot;:&quot;classic&quot;}\">\n\t\t\t\t\t<div class=\"e-con-inner\">\n\t\t\t\t<div class=\"elementor-element elementor-element-69dcdf3 elementor-widget elementor-widget-heading\" data-id=\"69dcdf3\" data-element_type=\"widget\" data-widget_type=\"heading.default\">\n\t\t\t\t<div class=\"elementor-widget-container\">\n\t\t\t\t\t<h2 class=\"elementor-heading-title elementor-size-default\">SITE: Pol\u00edtica de PRIVACIDADE\n<\/h2>\t\t\t\t<\/div>\n\t\t\t\t<\/div>\n\t\t\t\t\t<\/div>\n\t\t\t\t<\/div>\n\t\t<div class=\"elementor-element elementor-element-8a11e5d e-flex e-con-boxed e-con e-child\" data-id=\"8a11e5d\" data-element_type=\"container\">\n\t\t\t\t\t<div class=\"e-con-inner\">\n\t\t\t\t<div class=\"elementor-element elementor-element-967dace elementor-widget elementor-widget-heading\" data-id=\"967dace\" data-element_type=\"widget\" data-widget_type=\"heading.default\">\n\t\t\t\t<div class=\"elementor-widget-container\">\n\t\t\t\t\t<h2 class=\"elementor-heading-title elementor-size-default\">POL\u00cdTICA DE PRIVACIDADE\n<\/h2>\t\t\t\t<\/div>\n\t\t\t\t<\/div>\n\t\t\t\t<div class=\"elementor-element elementor-element-c084f5b elementor-widget__width-inherit elementor-widget elementor-widget-text-editor\" data-id=\"c084f5b\" data-element_type=\"widget\" data-widget_type=\"text-editor.default\">\n\t\t\t\t<div class=\"elementor-widget-container\">\n\t\t\t\t\t\t\t\t\t<p><strong>1. INFORMA\u00c7\u00d5ES AO USU\u00c1RIO<\/strong><\/p>\n<p><strong><span style=\"color: #123e9b;\">Quem \u00e9 o respons\u00e1vel pelo tratamento dos seus dados pessoais?<\/span><\/strong><br \/>Arrigal 11 S.L. \u00e9 o RESPONS\u00c1VEL pelo tratamento dos dados pessoais do USU\u00c1RIO e informa-o de que esses dados ser\u00e3o tratados de acordo com o disposto no Regulamento (UE) 2016\/679, de 27 de abril (GDPR), e a Lei Org\u00e2nica 3\/2018, de 5 de dezembro (LOPDGDD).<br \/><strong><span style=\"color: #123e9b;\">O que tratamos seus dados pessoais?<\/span><\/strong><\/p>\n<ul>\n<li>Para manter um relacionamento comercial com o usu\u00e1rio. As opera\u00e7\u00f5es previstas para realizar o tratamento<br \/>s\u00e3o:<br \/>Envio de comunica\u00e7\u00f5es comerciais, publicit\u00e1rias por e-mail, fax, SMS, MMS, redes sociais ou qualquer outro meio eletr\u00f4nico ou f\u00edsico, presente ou futuro, que possibilite a realiza\u00e7\u00e3o de comunica\u00e7\u00f5es comerciais. Estas comunica\u00e7\u00f5es ser\u00e3o realizadas pelo RESPONS\u00c1VEL e est\u00e3o relacionadas com os seus produtos e servi\u00e7os, ou de seus colaboradores ou fornecedores, com os quais este tenha chegado a algum acordo de promo\u00e7\u00e3o. Neste caso, os terceiros nunca ter\u00e3o acesso aos dados pessoais.<\/li>\n<li>Realizar estudos de mercado e an\u00e1lises estat\u00edsticas.<\/li>\n<li>Processar encomendas, pedidos, dar resposta \u00e0s consultas ou qualquer tipo de pedido que seja realizada pelo USU\u00c1RIO atrav\u00e9s de qualquer uma das formas de contato que s\u00e3o colocados \u00e0 sua disposi\u00e7\u00e3o na p\u00e1gina web do RESPONS\u00c1VEL.<\/li>\n<li>Remeter o boletim informativo on-line, sobre novidades, ofertas e promo\u00e7\u00f5es em nossa atividade.<\/li>\n<\/ul>\n<p><strong><span style=\"color: #123e9b;\">Por que motivo n\u00f3s podemos tratar os seus dados pessoais?<\/span><\/strong><br \/>Porque o tratamento est\u00e1 legitimado pelo artigo 6 do GDPR da seguinte forma:<\/p>\n<ul>\n<li>Com o consentimento do USU\u00c1RIO: envio de comunica\u00e7\u00f5es comerciais e do boletim informativo.<\/li>\n<li>Por interesse leg\u00edtimo do RESPONS\u00c1VEL: realizar estudos de mercado, an\u00e1lises estat\u00edsticas, etc. e processar encomendas, pedidos, etc., a pedido do USU\u00c1RIO.<\/li>\n<\/ul>\n<p><strong><span style=\"color: #123e9b;\">Durante quanto tempo guardamos seus dados pessoais?<\/span><\/strong><br \/>Ser\u00e3o conservados durante mais tempo do que o necess\u00e1rio para manter o efeito do tratamento ou existam prescri\u00e7\u00f5es legais que dictaminen sua cust\u00f3dia e quando j\u00e1 n\u00e3o seja necess\u00e1rio para isso, ser\u00e3o eliminados com medidas de seguran\u00e7a adequadas para garantir anonimato dos dados ou a destrui\u00e7\u00e3o total dos mesmos.<\/p>\n<p><span style=\"color: #123e9b;\"><strong>Quem compartilhamos as suas informa\u00e7\u00f5es pessoais?<\/strong><\/span><br \/>N\u00e3o est\u00e1 prevista nenhuma comunica\u00e7\u00e3o de dados pessoais a terceiros, exceto se necess\u00e1rio para o desenvolvimento e execu\u00e7\u00e3o das finalidades do tratamento, os nossos fornecedores de servi\u00e7os relacionados com a comunica\u00e7\u00e3o, com os quais o RESPONS\u00c1VEL firmou os contratos de confidencialidade e de encarregado de tratamento exigidos pela legisla\u00e7\u00e3o vigente de privacidade.<\/p>\n<p><strong><span style=\"color: #123e9b;\">Quais s\u00e3o os seus direitos?<\/span><\/strong><br \/>Os direitos que assistem ao USU\u00c1RIO s\u00e3o:<\/p>\n<ul>\n<li>Direito de retirar o consentimento a qualquer momento.<\/li>\n<li>Direito de acesso, rectifica\u00e7\u00e3o, portabilidade e supress\u00e3o dos seus dados e de limita\u00e7\u00e3o ou oposi\u00e7\u00e3o ao seu tratamento.<\/li>\n<li>O direito de apresentar uma reclama\u00e7\u00e3o junto da autoridade de controlo (www.aepd.es) se considerar que o tratamento n\u00e3o ajusta-se \u00e0 legisla\u00e7\u00e3o vigente.<\/li>\n<\/ul>\n<p><span style=\"color: #123e9b;\"><strong>Dados de contato para exercer os seus direitos:<\/strong><\/span><\/p>\n<p>Arrigal 11 S.L.. Avenida de Navacerrada, 4 28224 Pozuelo de Alarc\u00f3n Madrid Espa\u00f1a. E-mail: info@estarmejor.es.<\/p>\n<p><strong>2. CAR\u00c1CTER OBRIGAT\u00d3RIO OU FACULTATIVO DA INFORMA\u00c7\u00c3O FORNECIDA PELO USU\u00c1RIO<\/strong><br \/>Os USU\u00c1RIOS, atrav\u00e9s da marca\u00e7\u00e3o das caixas de sele\u00e7\u00e3o correspondentes e a entrada de dados para os campos marcados com um asterisco (*) no formul\u00e1rio de contato ou apresentados em formul\u00e1rios de transfer\u00eancia, aceites expressamente e de forma livre e inequ\u00edvoca, que os seus dados s\u00e3o necess\u00e1rios para atender o seu pedido, por parte do prestador de servi\u00e7os, sendo volunt\u00e1ria a inclus\u00e3o de dados nos campos restantes. O USU\u00c1RIO garante que os dados pessoais fornecidos ao RESPONS\u00c1VEL s\u00e3o verdadeiros e \u00e9 respons\u00e1vel por comunicar qualquer altera\u00e7\u00e3o dos mesmos.<br \/>O RESPONS\u00c1VEL informa que todos os dados solicitados atrav\u00e9s do website s\u00e3o obrigat\u00f3rios, j\u00e1 que s\u00e3o necess\u00e1rios para a presta\u00e7\u00e3o de um melhor servi\u00e7o ao UTILIZADOR. Em caso de n\u00e3o fornecer todos os dados, n\u00e3o se garante que as informa\u00e7\u00f5es e servi\u00e7os fornecidos sejam totalmente ajustados \u00e0s suas necessidades.<\/p>\n<p><strong>3. MEDIDAS DE SEGURAN\u00c7A<\/strong><\/p>\n<p>Que de conformidade com o disposto nas normas vigentes em mat\u00e9ria de protec\u00e7\u00e3o de dados pessoais, o RESPONS\u00c1VEL est\u00e1 cumprindo com todas as disposi\u00e7\u00f5es das normas GDPR e LOPDGDD para o tratamento dos dados pessoais, de sua responsabilidade, e, manifestamente, com os princ\u00edpios descritos no artigo 5 do GDPR, os quais s\u00e3o tratados de forma l\u00edcita, leal e transparente na rela\u00e7\u00e3o com o interessado e adequados, pertinentes e limitados ao necess\u00e1rio em rela\u00e7\u00e3o com os fins para que s\u00e3o tratados.<\/p>\n<p>O RESPONS\u00c1VEL garante que implementou as pol\u00edticas organizacionais e t\u00e9cnicas adequadas para aplicar as medidas de seguran\u00e7a que definem o GDPR e a LOPDGDD com o fim de proteger os direitos e liberdades dos USU\u00c1RIOS e lhes comunicou a informa\u00e7\u00e3o adequada para que possam exerc\u00ea-los.<br \/>Para mais informa\u00e7\u00e3o sobre as garantias de privacidade, pode dirigir-se ao RESPONS\u00c1VEL atrav\u00e9s de Arrigal<br \/>11 S.L.. Avenida de Navacerrada, 4 28224 Pozuelo de Alarc\u00f3n Madrid Espa\u00f1a. E-mail: info@estarmejor.es<\/p>\t\t\t\t\t\t\t\t<\/div>\n\t\t\t\t<\/div>\n\t\t\t\t\t<\/div>\n\t\t\t\t<\/div>\n\t\t\t\t\t<\/div>\n\t\t\t\t<\/div>\n\t\t\t\t<\/div>","protected":false},"excerpt":{"rendered":"<p>Arrigal 11 S.L. WEB: Pol\u00edtica de PRIVACIDAD POL\u00cdTICA DE PRIVACIDAD 1. INFORMACI\u00d3N AL USUARIO \u00bfQui\u00e9n es el responsable del tratamiento [&hellip;]<\/p>","protected":false},"author":1,"featured_media":0,"parent":0,"menu_order":0,"comment_status":"closed","ping_status":"closed","template":"","meta":{"site-sidebar-layout":"no-sidebar","site-content-layout":"","ast-site-content-layout":"full-width-container","site-content-style":"default","site-sidebar-style":"default","ast-global-header-display":"","ast-banner-title-visibility":"","ast-main-header-display":"","ast-hfb-above-header-display":"","ast-hfb-below-header-display":"","ast-hfb-mobile-header-display":"","site-post-title":"disabled","ast-breadcrumbs-content":"","ast-featured-img":"disabled","footer-sml-layout":"","theme-transparent-header-meta":"","adv-header-id-meta":"","stick-header-meta":"","header-above-stick-meta":"","header-main-stick-meta":"","header-below-stick-meta":"","astra-migrate-meta-layouts":"default","ast-page-background-enabled":"default","ast-page-background-meta":{"desktop":{"background-color":"var(--ast-global-color-4)","background-image":"","background-repeat":"repeat","background-position":"center center","background-size":"auto","background-attachment":"scroll","background-type":"","background-media":"","overlay-type":"","overlay-color":"","overlay-opacity":"","overlay-gradient":""},"tablet":{"background-color":"","background-image":"","background-repeat":"repeat","background-position":"center center","background-size":"auto","background-attachment":"scroll","background-type":"","background-media":"","overlay-type":"","overlay-color":"","overlay-opacity":"","overlay-gradient":""},"mobile":{"background-color":"","background-image":"","background-repeat":"repeat","background-position":"center center","background-size":"auto","background-attachment":"scroll","background-type":"","background-media":"","overlay-type":"","overlay-color":"","overlay-opacity":"","overlay-gradient":""}},"ast-content-background-meta":{"desktop":{"background-color":"var(--ast-global-color-5)","background-image":"","background-repeat":"repeat","background-position":"center center","background-size":"auto","background-attachment":"scroll","background-type":"","background-media":"","overlay-type":"","overlay-color":"","overlay-opacity":"","overlay-gradient":""},"tablet":{"background-color":"var(--ast-global-color-5)","background-image":"","background-repeat":"repeat","background-position":"center center","background-size":"auto","background-attachment":"scroll","background-type":"","background-media":"","overlay-type":"","overlay-color":"","overlay-opacity":"","overlay-gradient":""},"mobile":{"background-color":"var(--ast-global-color-5)","background-image":"","background-repeat":"repeat","background-position":"center center","background-size":"auto","background-attachment":"scroll","background-type":"","background-media":"","overlay-type":"","overlay-color":"","overlay-opacity":"","overlay-gradient":""}},"_joinchat":[],"footnotes":""},"class_list":["post-2163","page","type-page","status-publish","hentry"],"_links":{"self":[{"href":"https:\/\/estarmejor.es\/pt\/wp-json\/wp\/v2\/pages\/2163","targetHints":{"allow":["GET"]}}],"collection":[{"href":"https:\/\/estarmejor.es\/pt\/wp-json\/wp\/v2\/pages"}],"about":[{"href":"https:\/\/estarmejor.es\/pt\/wp-json\/wp\/v2\/types\/page"}],"author":[{"embeddable":true,"href":"https:\/\/estarmejor.es\/pt\/wp-json\/wp\/v2\/users\/1"}],"replies":[{"embeddable":true,"href":"https:\/\/estarmejor.es\/pt\/wp-json\/wp\/v2\/comments?post=2163"}],"version-history":[{"count":6,"href":"https:\/\/estarmejor.es\/pt\/wp-json\/wp\/v2\/pages\/2163\/revisions"}],"predecessor-version":[{"id":2453,"href":"https:\/\/estarmejor.es\/pt\/wp-json\/wp\/v2\/pages\/2163\/revisions\/2453"}],"wp:attachment":[{"href":"https:\/\/estarmejor.es\/pt\/wp-json\/wp\/v2\/media?parent=2163"}],"curies":[{"name":"wp","href":"https:\/\/api.w.org\/{rel}","templated":true}]}}